{"id":972,"date":"2022-02-18T17:57:49","date_gmt":"2022-02-18T21:57:49","guid":{"rendered":"https:\/\/sdb.bo\/sdb\/?page_id=972"},"modified":"2025-01-27T16:50:36","modified_gmt":"2025-01-27T20:50:36","slug":"misiones","status":"publish","type":"page","link":"https:\/\/sdb.bo\/sdb\/misiones\/","title":{"rendered":"Misiones"},"content":{"rendered":"\t\t<div data-elementor-type=\"wp-page\" data-elementor-id=\"972\" class=\"elementor elementor-972\" data-elementor-post-type=\"page\">\n\t\t\t\t\t\t<section class=\"elementor-section elementor-top-section elementor-element elementor-element-fc0aab9 elementor-section-boxed elementor-section-height-default elementor-section-height-default\" data-id=\"fc0aab9\" data-element_type=\"section\" data-settings=\"{&quot;background_background&quot;:&quot;classic&quot;}\">\n\t\t\t\t\t\t\t<div class=\"elementor-background-overlay\"><\/div>\n\t\t\t\t\t\t\t<div class=\"elementor-container elementor-column-gap-default\">\n\t\t\t\t\t<div class=\"elementor-column elementor-col-100 elementor-top-column elementor-element elementor-element-4bd407b\" data-id=\"4bd407b\" data-element_type=\"column\">\n\t\t\t<div class=\"elementor-widget-wrap elementor-element-populated\">\n\t\t\t\t\t\t<div class=\"elementor-element elementor-element-eaeaaf7 elementor-widget elementor-widget-heading\" data-id=\"eaeaaf7\" data-element_type=\"widget\" data-widget_type=\"heading.default\">\n\t\t\t\t<div class=\"elementor-widget-container\">\n\t\t\t\t\t<h1 class=\"elementor-heading-title elementor-size-default\">Misiones<\/h1>\t\t\t\t<\/div>\n\t\t\t\t<\/div>\n\t\t\t\t\t<\/div>\n\t\t<\/div>\n\t\t\t\t\t<\/div>\n\t\t<\/section>\n\t\t\t\t<section class=\"elementor-section elementor-top-section elementor-element elementor-element-8de704d elementor-section-boxed elementor-section-height-default elementor-section-height-default\" data-id=\"8de704d\" data-element_type=\"section\">\n\t\t\t\t\t\t<div class=\"elementor-container elementor-column-gap-wider\">\n\t\t\t\t\t<div class=\"elementor-column elementor-col-100 elementor-top-column elementor-element elementor-element-9f8d0c0\" data-id=\"9f8d0c0\" data-element_type=\"column\">\n\t\t\t<div class=\"elementor-widget-wrap elementor-element-populated\">\n\t\t\t\t\t\t<div class=\"elementor-element elementor-element-b7d9004 elementor-widget elementor-widget-text-editor\" data-id=\"b7d9004\" data-element_type=\"widget\" data-widget_type=\"text-editor.default\">\n\t\t\t\t<div class=\"elementor-widget-container\">\n\t\t\t\t\t\t\t\t\t<p>Promueve iniciativas en favor de las obras misioneras en todas las obras de la Inspector\u00eda estudiando la realidad religiosa y social de cada zona y de la historia de cada misi\u00f3n. Planifica actividades misioneras: cursillos de estudio y actualizaci\u00f3n y encuentros misioneros. Coordina con la Pastoral Juvenil las actividades de la Animaci\u00f3n Misionera de la Inspector\u00eda.\u00a0<\/p>\t\t\t\t\t\t\t\t<\/div>\n\t\t\t\t<\/div>\n\t\t\t\t\t<\/div>\n\t\t<\/div>\n\t\t\t\t\t<\/div>\n\t\t<\/section>\n\t\t\t\t<section class=\"elementor-section elementor-top-section elementor-element elementor-element-10bd547b elementor-section-boxed elementor-section-height-default elementor-section-height-default\" data-id=\"10bd547b\" data-element_type=\"section\" data-settings=\"{&quot;background_background&quot;:&quot;classic&quot;}\">\n\t\t\t\t\t\t<div class=\"elementor-container elementor-column-gap-no\">\n\t\t\t\t\t<div class=\"elementor-column elementor-col-50 elementor-top-column elementor-element elementor-element-1f00b0ef\" data-id=\"1f00b0ef\" data-element_type=\"column\">\n\t\t\t<div class=\"elementor-widget-wrap elementor-element-populated\">\n\t\t\t\t\t\t<div class=\"elementor-element elementor-element-448c7611 elementor-position-top elementor-widget elementor-widget-image-box\" data-id=\"448c7611\" data-element_type=\"widget\" data-widget_type=\"image-box.default\">\n\t\t\t\t<div class=\"elementor-widget-container\">\n\t\t\t\t\t<div class=\"elementor-image-box-wrapper\"><figure class=\"elementor-image-box-img\"><img fetchpriority=\"high\" decoding=\"async\" width=\"400\" height=\"400\" src=\"https:\/\/sdb.bo\/sdb\/wp-content\/uploads\/2025\/01\/msiones.png\" class=\"attachment-full size-full wp-image-43264\" alt=\"\" srcset=\"https:\/\/sdb.bo\/sdb\/wp-content\/uploads\/2025\/01\/msiones.png 400w, https:\/\/sdb.bo\/sdb\/wp-content\/uploads\/2025\/01\/msiones-300x300.png 300w, https:\/\/sdb.bo\/sdb\/wp-content\/uploads\/2025\/01\/msiones-150x150.png 150w\" sizes=\"(max-width: 400px) 100vw, 400px\" \/><\/figure><div class=\"elementor-image-box-content\"><h3 class=\"elementor-image-box-title\">P. Duc Tin Nguyen<\/h3><p class=\"elementor-image-box-description\">Delegado de Misiones<\/p><\/div><\/div>\t\t\t\t<\/div>\n\t\t\t\t<\/div>\n\t\t\t\t<div class=\"elementor-element elementor-element-5092bc94 elementor-widget-divider--view-line elementor-widget elementor-widget-divider\" data-id=\"5092bc94\" data-element_type=\"widget\" data-widget_type=\"divider.default\">\n\t\t\t\t<div class=\"elementor-widget-container\">\n\t\t\t\t\t\t\t<div class=\"elementor-divider\">\n\t\t\t<span class=\"elementor-divider-separator\">\n\t\t\t\t\t\t<\/span>\n\t\t<\/div>\n\t\t\t\t\t\t<\/div>\n\t\t\t\t<\/div>\n\t\t\t\t\t<\/div>\n\t\t<\/div>\n\t\t\t\t<div class=\"elementor-column elementor-col-50 elementor-top-column elementor-element elementor-element-8fd36db\" data-id=\"8fd36db\" data-element_type=\"column\">\n\t\t\t<div class=\"elementor-widget-wrap elementor-element-populated\">\n\t\t\t\t\t\t<div class=\"elementor-element elementor-element-6a413e9 elementor-widget elementor-widget-text-editor\" data-id=\"6a413e9\" data-element_type=\"widget\" data-widget_type=\"text-editor.default\">\n\t\t\t\t<div class=\"elementor-widget-container\">\n\t\t\t\t\t\t\t\t\t<p><strong>Comisi\u00f3n Misiones:<\/strong><\/p><ul><li>Sabino Mendoza \u2013 Kami<\/li><li>Gregorio Fern\u00e1ndez \u2013 Independencia<\/li><li>Jos\u00e9 Mar\u00eda Zambrana \u2013 Escoma<\/li><li>Julian Tayandi \u2013 San Carlos<\/li><li>Te\u00f3filo Estrada \u2013 Sagrado Coraz\u00f3n<\/li><li>Rom\u00e1n Escudero &#8211; Cobija<\/li><\/ul>\t\t\t\t\t\t\t\t<\/div>\n\t\t\t\t<\/div>\n\t\t\t\t\t<\/div>\n\t\t<\/div>\n\t\t\t\t\t<\/div>\n\t\t<\/section>\n\t\t\t\t<section class=\"elementor-section elementor-top-section elementor-element elementor-element-3338007 elementor-section-boxed elementor-section-height-default elementor-section-height-default\" data-id=\"3338007\" data-element_type=\"section\">\n\t\t\t\t\t\t<div class=\"elementor-container elementor-column-gap-default\">\n\t\t\t\t\t<div class=\"elementor-column elementor-col-100 elementor-top-column elementor-element elementor-element-cafac05\" data-id=\"cafac05\" data-element_type=\"column\">\n\t\t\t<div class=\"elementor-widget-wrap elementor-element-populated\">\n\t\t\t\t\t\t<div class=\"elementor-element elementor-element-441e7e0 elementor-arrows-position-inside elementor-pagination-position-outside elementor-widget elementor-widget-image-carousel\" data-id=\"441e7e0\" data-element_type=\"widget\" data-settings=\"{&quot;slides_to_show&quot;:&quot;1&quot;,&quot;navigation&quot;:&quot;both&quot;,&quot;autoplay&quot;:&quot;yes&quot;,&quot;pause_on_hover&quot;:&quot;yes&quot;,&quot;pause_on_interaction&quot;:&quot;yes&quot;,&quot;autoplay_speed&quot;:5000,&quot;infinite&quot;:&quot;yes&quot;,&quot;effect&quot;:&quot;slide&quot;,&quot;speed&quot;:500}\" data-widget_type=\"image-carousel.default\">\n\t\t\t\t<div class=\"elementor-widget-container\">\n\t\t\t\t\t\t\t<div class=\"elementor-image-carousel-wrapper swiper\" role=\"region\" aria-roledescription=\"carousel\" aria-label=\"Carrusel de Im\u00e1genes\" dir=\"ltr\">\n\t\t\t<div class=\"elementor-image-carousel swiper-wrapper\" aria-live=\"off\">\n\t\t\t\t\t\t\t\t<div class=\"swiper-slide\" role=\"group\" aria-roledescription=\"slide\" aria-label=\"1 de 1\"><a data-elementor-open-lightbox=\"yes\" data-elementor-lightbox-slideshow=\"441e7e0\" data-elementor-lightbox-title=\"IMG_2646_opt\" data-e-action-hash=\"#elementor-action%3Aaction%3Dlightbox%26settings%3DeyJpZCI6OTc0LCJ1cmwiOiJodHRwczpcL1wvc2RiLmJvXC9zZGJcL3dwLWNvbnRlbnRcL3VwbG9hZHNcLzIwMjJcLzAyXC9JTUdfMjY0Nl9vcHQuanBnIiwic2xpZGVzaG93IjoiNDQxZTdlMCJ9\" href=\"https:\/\/sdb.bo\/sdb\/wp-content\/uploads\/2022\/02\/IMG_2646_opt.jpg\"><figure class=\"swiper-slide-inner\"><img decoding=\"async\" class=\"swiper-slide-image\" src=\"https:\/\/sdb.bo\/sdb\/wp-content\/uploads\/2022\/02\/IMG_2646_opt-1024x682.jpg\" alt=\"IMG_2646_opt\" \/><\/figure><\/a><\/div>\t\t\t<\/div>\n\t\t\t\t\t<\/div>\n\t\t\t\t\t\t<\/div>\n\t\t\t\t<\/div>\n\t\t\t\t\t<\/div>\n\t\t<\/div>\n\t\t\t\t\t<\/div>\n\t\t<\/section>\n\t\t\t\t<section class=\"elementor-section elementor-top-section elementor-element elementor-element-ea8be63 elementor-section-boxed elementor-section-height-default elementor-section-height-default\" data-id=\"ea8be63\" data-element_type=\"section\">\n\t\t\t\t\t\t<div class=\"elementor-container elementor-column-gap-default\">\n\t\t\t\t\t<div class=\"elementor-column elementor-col-33 elementor-top-column elementor-element elementor-element-12f1ea5\" data-id=\"12f1ea5\" data-element_type=\"column\">\n\t\t\t<div class=\"elementor-widget-wrap elementor-element-populated\">\n\t\t\t\t\t\t<div class=\"elementor-element elementor-element-e63284c elementor-widget elementor-widget-image\" data-id=\"e63284c\" data-element_type=\"widget\" data-widget_type=\"image.default\">\n\t\t\t\t<div class=\"elementor-widget-container\">\n\t\t\t\t\t\t\t\t\t\t\t\t\t\t\t<img decoding=\"async\" width=\"800\" height=\"373\" src=\"https:\/\/sdb.bo\/sdb\/wp-content\/uploads\/2024\/10\/WhatsApp-Image-2024-10-02-at-8.22.12-AM-2-1024x478.jpg\" class=\"attachment-large size-large wp-image-42829\" alt=\"\" srcset=\"https:\/\/sdb.bo\/sdb\/wp-content\/uploads\/2024\/10\/WhatsApp-Image-2024-10-02-at-8.22.12-AM-2-1024x478.jpg 1024w, https:\/\/sdb.bo\/sdb\/wp-content\/uploads\/2024\/10\/WhatsApp-Image-2024-10-02-at-8.22.12-AM-2-300x140.jpg 300w, https:\/\/sdb.bo\/sdb\/wp-content\/uploads\/2024\/10\/WhatsApp-Image-2024-10-02-at-8.22.12-AM-2-768x358.jpg 768w, https:\/\/sdb.bo\/sdb\/wp-content\/uploads\/2024\/10\/WhatsApp-Image-2024-10-02-at-8.22.12-AM-2-1536x717.jpg 1536w, https:\/\/sdb.bo\/sdb\/wp-content\/uploads\/2024\/10\/WhatsApp-Image-2024-10-02-at-8.22.12-AM-2.jpg 2000w\" sizes=\"(max-width: 800px) 100vw, 800px\" \/>\t\t\t\t\t\t\t\t\t\t\t\t\t\t\t<\/div>\n\t\t\t\t<\/div>\n\t\t\t\t\t<\/div>\n\t\t<\/div>\n\t\t\t\t<div class=\"elementor-column elementor-col-33 elementor-top-column elementor-element elementor-element-509168b\" data-id=\"509168b\" data-element_type=\"column\">\n\t\t\t<div class=\"elementor-widget-wrap elementor-element-populated\">\n\t\t\t\t\t\t<div class=\"elementor-element elementor-element-a1f863b elementor-widget elementor-widget-image\" data-id=\"a1f863b\" data-element_type=\"widget\" data-widget_type=\"image.default\">\n\t\t\t\t<div class=\"elementor-widget-container\">\n\t\t\t\t\t\t\t\t\t\t\t\t\t\t\t<img decoding=\"async\" width=\"800\" height=\"549\" src=\"https:\/\/sdb.bo\/sdb\/wp-content\/uploads\/2024\/10\/WhatsApp-Image-2024-10-02-at-8.22.12-AM-1-1024x703.jpg\" class=\"attachment-large size-large wp-image-42828\" alt=\"\" srcset=\"https:\/\/sdb.bo\/sdb\/wp-content\/uploads\/2024\/10\/WhatsApp-Image-2024-10-02-at-8.22.12-AM-1-1024x703.jpg 1024w, https:\/\/sdb.bo\/sdb\/wp-content\/uploads\/2024\/10\/WhatsApp-Image-2024-10-02-at-8.22.12-AM-1-300x206.jpg 300w, https:\/\/sdb.bo\/sdb\/wp-content\/uploads\/2024\/10\/WhatsApp-Image-2024-10-02-at-8.22.12-AM-1-768x528.jpg 768w, https:\/\/sdb.bo\/sdb\/wp-content\/uploads\/2024\/10\/WhatsApp-Image-2024-10-02-at-8.22.12-AM-1-1536x1055.jpg 1536w, https:\/\/sdb.bo\/sdb\/wp-content\/uploads\/2024\/10\/WhatsApp-Image-2024-10-02-at-8.22.12-AM-1.jpg 2000w\" sizes=\"(max-width: 800px) 100vw, 800px\" \/>\t\t\t\t\t\t\t\t\t\t\t\t\t\t\t<\/div>\n\t\t\t\t<\/div>\n\t\t\t\t\t<\/div>\n\t\t<\/div>\n\t\t\t\t<div class=\"elementor-column elementor-col-33 elementor-top-column elementor-element elementor-element-558dfd2\" data-id=\"558dfd2\" data-element_type=\"column\">\n\t\t\t<div class=\"elementor-widget-wrap elementor-element-populated\">\n\t\t\t\t\t\t<div class=\"elementor-element elementor-element-baef4fc elementor-widget elementor-widget-image\" data-id=\"baef4fc\" data-element_type=\"widget\" data-widget_type=\"image.default\">\n\t\t\t\t<div class=\"elementor-widget-container\">\n\t\t\t\t\t\t\t\t\t\t\t\t\t\t\t<img loading=\"lazy\" decoding=\"async\" width=\"800\" height=\"548\" src=\"https:\/\/sdb.bo\/sdb\/wp-content\/uploads\/2024\/10\/WhatsApp-Image-2024-10-02-at-8.22.11-AM-3-1024x701.jpg\" class=\"attachment-large size-large wp-image-42826\" alt=\"\" srcset=\"https:\/\/sdb.bo\/sdb\/wp-content\/uploads\/2024\/10\/WhatsApp-Image-2024-10-02-at-8.22.11-AM-3-1024x701.jpg 1024w, https:\/\/sdb.bo\/sdb\/wp-content\/uploads\/2024\/10\/WhatsApp-Image-2024-10-02-at-8.22.11-AM-3-300x205.jpg 300w, https:\/\/sdb.bo\/sdb\/wp-content\/uploads\/2024\/10\/WhatsApp-Image-2024-10-02-at-8.22.11-AM-3-768x526.jpg 768w, https:\/\/sdb.bo\/sdb\/wp-content\/uploads\/2024\/10\/WhatsApp-Image-2024-10-02-at-8.22.11-AM-3-1536x1051.jpg 1536w, https:\/\/sdb.bo\/sdb\/wp-content\/uploads\/2024\/10\/WhatsApp-Image-2024-10-02-at-8.22.11-AM-3.jpg 2000w\" sizes=\"(max-width: 800px) 100vw, 800px\" \/>\t\t\t\t\t\t\t\t\t\t\t\t\t\t\t<\/div>\n\t\t\t\t<\/div>\n\t\t\t\t\t<\/div>\n\t\t<\/div>\n\t\t\t\t\t<\/div>\n\t\t<\/section>\n\t\t\t\t<\/div>\n\t\t","protected":false},"excerpt":{"rendered":"<p>Misiones Promueve iniciativas en favor de las obras misioneras en todas las obras de la Inspector\u00eda estudiando la realidad religiosa y social de cada zona y de la historia de cada misi\u00f3n. Planifica actividades misioneras: cursillos de estudio y actualizaci\u00f3n y encuentros misioneros. Coordina con la Pastoral Juvenil las actividades de la Animaci\u00f3n Misionera de [&hellip;]<\/p>\n<div class=\"pvc_clear\"><\/div>\n<p class=\"pvc_stats all \" data-element-id=\"972\" style=\"\"><i class=\"pvc-stats-icon medium\" aria-hidden=\"true\"><svg aria-hidden=\"true\" focusable=\"false\" data-prefix=\"far\" data-icon=\"chart-bar\" role=\"img\" xmlns=\"http:\/\/www.w3.org\/2000\/svg\" viewBox=\"0 0 512 512\" class=\"svg-inline--fa fa-chart-bar fa-w-16 fa-2x\"><path fill=\"currentColor\" d=\"M396.8 352h22.4c6.4 0 12.8-6.4 12.8-12.8V108.8c0-6.4-6.4-12.8-12.8-12.8h-22.4c-6.4 0-12.8 6.4-12.8 12.8v230.4c0 6.4 6.4 12.8 12.8 12.8zm-192 0h22.4c6.4 0 12.8-6.4 12.8-12.8V140.8c0-6.4-6.4-12.8-12.8-12.8h-22.4c-6.4 0-12.8 6.4-12.8 12.8v198.4c0 6.4 6.4 12.8 12.8 12.8zm96 0h22.4c6.4 0 12.8-6.4 12.8-12.8V204.8c0-6.4-6.4-12.8-12.8-12.8h-22.4c-6.4 0-12.8 6.4-12.8 12.8v134.4c0 6.4 6.4 12.8 12.8 12.8zM496 400H48V80c0-8.84-7.16-16-16-16H16C7.16 64 0 71.16 0 80v336c0 17.67 14.33 32 32 32h464c8.84 0 16-7.16 16-16v-16c0-8.84-7.16-16-16-16zm-387.2-48h22.4c6.4 0 12.8-6.4 12.8-12.8v-70.4c0-6.4-6.4-12.8-12.8-12.8h-22.4c-6.4 0-12.8 6.4-12.8 12.8v70.4c0 6.4 6.4 12.8 12.8 12.8z\" class=\"\"><\/path><\/svg><\/i> Total de visitas&nbsp;2,171&nbsp;<\/p>\n<div class=\"pvc_clear\"><\/div>\n","protected":false},"author":3,"featured_media":0,"parent":0,"menu_order":0,"comment_status":"closed","ping_status":"closed","template":"","meta":{"mapsvg_location":"","footnotes":""},"class_list":["post-972","page","type-page","status-publish","hentry"],"jetpack_sharing_enabled":true,"_links":{"self":[{"href":"https:\/\/sdb.bo\/sdb\/wp-json\/wp\/v2\/pages\/972","targetHints":{"allow":["GET"]}}],"collection":[{"href":"https:\/\/sdb.bo\/sdb\/wp-json\/wp\/v2\/pages"}],"about":[{"href":"https:\/\/sdb.bo\/sdb\/wp-json\/wp\/v2\/types\/page"}],"author":[{"embeddable":true,"href":"https:\/\/sdb.bo\/sdb\/wp-json\/wp\/v2\/users\/3"}],"replies":[{"embeddable":true,"href":"https:\/\/sdb.bo\/sdb\/wp-json\/wp\/v2\/comments?post=972"}],"version-history":[{"count":18,"href":"https:\/\/sdb.bo\/sdb\/wp-json\/wp\/v2\/pages\/972\/revisions"}],"predecessor-version":[{"id":43268,"href":"https:\/\/sdb.bo\/sdb\/wp-json\/wp\/v2\/pages\/972\/revisions\/43268"}],"wp:attachment":[{"href":"https:\/\/sdb.bo\/sdb\/wp-json\/wp\/v2\/media?parent=972"}],"curies":[{"name":"wp","href":"https:\/\/api.w.org\/{rel}","templated":true}]}}