{"id":751,"date":"2022-02-03T11:29:22","date_gmt":"2022-02-03T15:29:22","guid":{"rendered":"https:\/\/sdb.bo\/sdb\/?page_id=751"},"modified":"2024-10-29T16:04:27","modified_gmt":"2024-10-29T20:04:27","slug":"historia","status":"publish","type":"page","link":"https:\/\/sdb.bo\/sdb\/historia\/","title":{"rendered":"Historia"},"content":{"rendered":"\t\t<div data-elementor-type=\"wp-page\" data-elementor-id=\"751\" class=\"elementor elementor-751\" data-elementor-post-type=\"page\">\n\t\t\t\t\t\t<section class=\"elementor-section elementor-top-section elementor-element elementor-element-fc0aab9 elementor-section-boxed elementor-section-height-default elementor-section-height-default\" data-id=\"fc0aab9\" data-element_type=\"section\" data-settings=\"{&quot;background_background&quot;:&quot;classic&quot;}\">\n\t\t\t\t\t\t\t<div class=\"elementor-background-overlay\"><\/div>\n\t\t\t\t\t\t\t<div class=\"elementor-container elementor-column-gap-default\">\n\t\t\t\t\t<div class=\"elementor-column elementor-col-100 elementor-top-column elementor-element elementor-element-4bd407b\" data-id=\"4bd407b\" data-element_type=\"column\">\n\t\t\t<div class=\"elementor-widget-wrap elementor-element-populated\">\n\t\t\t\t\t\t<div class=\"elementor-element elementor-element-eaeaaf7 elementor-widget elementor-widget-heading\" data-id=\"eaeaaf7\" data-element_type=\"widget\" data-widget_type=\"heading.default\">\n\t\t\t\t<div class=\"elementor-widget-container\">\n\t\t\t\t\t<h1 class=\"elementor-heading-title elementor-size-default\">Historia<\/h1>\t\t\t\t<\/div>\n\t\t\t\t<\/div>\n\t\t\t\t\t<\/div>\n\t\t<\/div>\n\t\t\t\t\t<\/div>\n\t\t<\/section>\n\t\t\t\t<section class=\"elementor-section elementor-top-section elementor-element elementor-element-8de704d elementor-section-boxed elementor-section-height-default elementor-section-height-default\" data-id=\"8de704d\" data-element_type=\"section\">\n\t\t\t\t\t\t<div class=\"elementor-container elementor-column-gap-wider\">\n\t\t\t\t\t<div class=\"elementor-column elementor-col-50 elementor-top-column elementor-element elementor-element-9f8d0c0\" data-id=\"9f8d0c0\" data-element_type=\"column\">\n\t\t\t<div class=\"elementor-widget-wrap elementor-element-populated\">\n\t\t\t\t\t\t<div class=\"elementor-element elementor-element-b7d9004 elementor-widget elementor-widget-text-editor\" data-id=\"b7d9004\" data-element_type=\"widget\" data-widget_type=\"text-editor.default\">\n\t\t\t\t<div class=\"elementor-widget-container\">\n\t\t\t\t\t\t\t\t\t<p>En julio de 1890, llega a Bolivia el primer salesiano presb\u00edtero, el Revdo. Don Santiago Costamagna,\u00a0 Inspector de las casas Salesianas en Argentina. Ese mismo a\u00f1o, recibi\u00f3 la orden de Mons. Juan Cagliero (primer obispo salesiano de la congregaci\u00f3n) de visitar los colegios de Chile y Ecuador, gestionar una fundaci\u00f3n en Lima y los medios de ingresar a Bolivia y llegar a Sucre donde el ex presidente, Gregorio Pacheco, quer\u00eda que se funde una casa salesiana.<\/p><p>Cuando el Dr. Mariano Baptista se encontraba como Ministro Plenipotenciario en Buenos Aires, ya hab\u00eda conocido a los Salesianos. Es all\u00ed que nace la inquietud y el inter\u00e9s de que el carisma Salesiano estuviera presente en Bolivia, deseo que cumplir\u00e1 siendo Presidente de la Rep\u00fablica de Bolivia. Fue as\u00ed que el 8 de octubre de 1895 se firm\u00f3 un documento en Tur\u00edn \u2013 Italia y se pudo obtener de Don Rua, Rector Mayor de la Sociedad de San Francisco de Sales, el personal para la fundaci\u00f3n de dos colegios de artes y oficios en las ciudades de La Paz y\u00a0 Sucre.<\/p><p>El lunes, 13 de enero de 1896, 14 salesianos son enviados desde Buenos Aires para fundar los esperados institutos en Bolivia. El 17 de febrero, despu\u00e9s de un accidentado viaje, y en plena fiesta de carnaval, llega el primer grupo de salesianos a La Paz, que fue recibido por representantes del gobierno y la sociedad pace\u00f1a.<\/p><p>Por orden del Gobierno de Bolivia, se entrega de manera oficial a los Salesianos de Don Bosco un edificio, el terreno y pertenec\u00edas de lo que fue el Instituto Nacional Boliviano (ubicado en la Av. 16 de Julio), que fue inmediatamente bautizado como \u201cColegio de Artes y oficios\u201d con 60 j\u00f3venes externos.<\/p><p>A la par de la escuela de Artes y Oficios, se inaugur\u00f3 el Oratorio Festivo que inici\u00f3 con 400 ni\u00f1os y j\u00f3venes en su primera semana. Durante varias semanas el n\u00famero aument\u00f3 llegando a superar los mil oratorianos.<\/p><p>Durante 125 a\u00f1os de presencia en tierras bolivianas, los salesianos han \u201cechado ra\u00edces\u201d en diversas regiones del pa\u00eds, mediante la inculturaci\u00f3n del carisma, la apuesta por la educaci\u00f3n integral de la persona, privilegiando a las y los m\u00e1s j\u00f3venes, sobre todo a las\/os de escasos recursos. Es por eso que las diferentes obras en el territorio boliviano comprenden: casas de acogida, escuelas de convenio, institutos t\u00e9cnicos y de educaci\u00f3n especial, internados, oratorios-juveniles y muchas otras m\u00e1s.<\/p>\t\t\t\t\t\t\t\t<\/div>\n\t\t\t\t<\/div>\n\t\t\t\t\t<\/div>\n\t\t<\/div>\n\t\t\t\t<div class=\"elementor-column elementor-col-50 elementor-top-column elementor-element elementor-element-e36359d\" data-id=\"e36359d\" data-element_type=\"column\">\n\t\t\t<div class=\"elementor-widget-wrap elementor-element-populated\">\n\t\t\t\t\t\t<div class=\"elementor-element elementor-element-edff562 elementor-widget elementor-widget-image\" data-id=\"edff562\" data-element_type=\"widget\" data-widget_type=\"image.default\">\n\t\t\t\t<div class=\"elementor-widget-container\">\n\t\t\t\t\t\t\t\t\t\t\t\t\t\t\t\t<a href=\"https:\/\/sdb.bo\/sdb\/wp-content\/uploads\/2022\/02\/FOTOS-HISTORICAS-004-scaled.jpg\" data-elementor-open-lightbox=\"yes\" data-elementor-lightbox-title=\"FOTOS HISTORICAS 004\" data-e-action-hash=\"#elementor-action%3Aaction%3Dlightbox%26settings%3DeyJpZCI6NzU3LCJ1cmwiOiJodHRwczpcL1wvc2RiLmJvXC9zZGJcL3dwLWNvbnRlbnRcL3VwbG9hZHNcLzIwMjJcLzAyXC9GT1RPUy1ISVNUT1JJQ0FTLTAwNC1zY2FsZWQuanBnIn0%3D\">\n\t\t\t\t\t\t\t<img fetchpriority=\"high\" decoding=\"async\" width=\"615\" height=\"1024\" src=\"https:\/\/sdb.bo\/sdb\/wp-content\/uploads\/2022\/02\/FOTOS-HISTORICAS-004-615x1024.jpg\" class=\"attachment-large size-large wp-image-757\" alt=\"\" srcset=\"https:\/\/sdb.bo\/sdb\/wp-content\/uploads\/2022\/02\/FOTOS-HISTORICAS-004-615x1024.jpg 615w, https:\/\/sdb.bo\/sdb\/wp-content\/uploads\/2022\/02\/FOTOS-HISTORICAS-004-180x300.jpg 180w, https:\/\/sdb.bo\/sdb\/wp-content\/uploads\/2022\/02\/FOTOS-HISTORICAS-004-768x1279.jpg 768w, https:\/\/sdb.bo\/sdb\/wp-content\/uploads\/2022\/02\/FOTOS-HISTORICAS-004-922x1536.jpg 922w, https:\/\/sdb.bo\/sdb\/wp-content\/uploads\/2022\/02\/FOTOS-HISTORICAS-004-1230x2048.jpg 1230w, https:\/\/sdb.bo\/sdb\/wp-content\/uploads\/2022\/02\/FOTOS-HISTORICAS-004-scaled.jpg 1537w\" sizes=\"(max-width: 615px) 100vw, 615px\" \/>\t\t\t\t\t\t\t\t<\/a>\n\t\t\t\t\t\t\t\t\t\t\t\t\t\t\t<\/div>\n\t\t\t\t<\/div>\n\t\t\t\t\t<\/div>\n\t\t<\/div>\n\t\t\t\t\t<\/div>\n\t\t<\/section>\n\t\t\t\t<section class=\"elementor-section elementor-top-section elementor-element elementor-element-3338007 elementor-section-boxed elementor-section-height-default elementor-section-height-default\" data-id=\"3338007\" data-element_type=\"section\">\n\t\t\t\t\t\t<div class=\"elementor-container elementor-column-gap-default\">\n\t\t\t\t\t<div class=\"elementor-column elementor-col-100 elementor-top-column elementor-element elementor-element-cafac05\" data-id=\"cafac05\" data-element_type=\"column\">\n\t\t\t<div class=\"elementor-widget-wrap elementor-element-populated\">\n\t\t\t\t\t\t<div class=\"elementor-element elementor-element-441e7e0 elementor-arrows-position-inside elementor-pagination-position-outside elementor-widget elementor-widget-image-carousel\" data-id=\"441e7e0\" data-element_type=\"widget\" data-settings=\"{&quot;navigation&quot;:&quot;both&quot;,&quot;autoplay&quot;:&quot;yes&quot;,&quot;pause_on_hover&quot;:&quot;yes&quot;,&quot;pause_on_interaction&quot;:&quot;yes&quot;,&quot;autoplay_speed&quot;:5000,&quot;infinite&quot;:&quot;yes&quot;,&quot;speed&quot;:500}\" data-widget_type=\"image-carousel.default\">\n\t\t\t\t<div class=\"elementor-widget-container\">\n\t\t\t\t\t\t\t<div class=\"elementor-image-carousel-wrapper swiper\" role=\"region\" aria-roledescription=\"carousel\" aria-label=\"Carrusel de Im\u00e1genes\" dir=\"ltr\">\n\t\t\t<div class=\"elementor-image-carousel swiper-wrapper\" aria-live=\"off\">\n\t\t\t\t\t\t\t\t<div class=\"swiper-slide\" role=\"group\" aria-roledescription=\"slide\" aria-label=\"1 de 7\"><a data-elementor-open-lightbox=\"yes\" data-elementor-lightbox-slideshow=\"441e7e0\" data-elementor-lightbox-title=\"DB-LAPAZ2f\" data-e-action-hash=\"#elementor-action%3Aaction%3Dlightbox%26settings%3DeyJpZCI6NzU0LCJ1cmwiOiJodHRwczpcL1wvc2RiLmJvXC9zZGJcL3dwLWNvbnRlbnRcL3VwbG9hZHNcLzIwMjJcLzAyXC9EQi1MQVBBWjJmLmpwZyIsInNsaWRlc2hvdyI6IjQ0MWU3ZTAifQ%3D%3D\" href=\"https:\/\/sdb.bo\/sdb\/wp-content\/uploads\/2022\/02\/DB-LAPAZ2f.jpg\"><figure class=\"swiper-slide-inner\"><img decoding=\"async\" class=\"swiper-slide-image\" src=\"https:\/\/sdb.bo\/sdb\/wp-content\/uploads\/2022\/02\/DB-LAPAZ2f-300x188.jpg\" alt=\"DB-LAPAZ2f\" \/><\/figure><\/a><\/div><div class=\"swiper-slide\" role=\"group\" aria-roledescription=\"slide\" aria-label=\"2 de 7\"><a data-elementor-open-lightbox=\"yes\" data-elementor-lightbox-slideshow=\"441e7e0\" data-elementor-lightbox-title=\"DB-LAPAZd\" data-e-action-hash=\"#elementor-action%3Aaction%3Dlightbox%26settings%3DeyJpZCI6NzU1LCJ1cmwiOiJodHRwczpcL1wvc2RiLmJvXC9zZGJcL3dwLWNvbnRlbnRcL3VwbG9hZHNcLzIwMjJcLzAyXC9EQi1MQVBBWmQuanBnIiwic2xpZGVzaG93IjoiNDQxZTdlMCJ9\" href=\"https:\/\/sdb.bo\/sdb\/wp-content\/uploads\/2022\/02\/DB-LAPAZd.jpg\"><figure class=\"swiper-slide-inner\"><img decoding=\"async\" class=\"swiper-slide-image\" src=\"https:\/\/sdb.bo\/sdb\/wp-content\/uploads\/2022\/02\/DB-LAPAZd-300x196.jpg\" alt=\"DB-LAPAZd\" \/><\/figure><\/a><\/div><div class=\"swiper-slide\" role=\"group\" aria-roledescription=\"slide\" aria-label=\"3 de 7\"><a data-elementor-open-lightbox=\"yes\" data-elementor-lightbox-slideshow=\"441e7e0\" data-elementor-lightbox-title=\"DBSUCRE\" data-e-action-hash=\"#elementor-action%3Aaction%3Dlightbox%26settings%3DeyJpZCI6NzU2LCJ1cmwiOiJodHRwczpcL1wvc2RiLmJvXC9zZGJcL3dwLWNvbnRlbnRcL3VwbG9hZHNcLzIwMjJcLzAyXC9EQlNVQ1JFLmpwZyIsInNsaWRlc2hvdyI6IjQ0MWU3ZTAifQ%3D%3D\" href=\"https:\/\/sdb.bo\/sdb\/wp-content\/uploads\/2022\/02\/DBSUCRE.jpg\"><figure class=\"swiper-slide-inner\"><img decoding=\"async\" class=\"swiper-slide-image\" src=\"https:\/\/sdb.bo\/sdb\/wp-content\/uploads\/2022\/02\/DBSUCRE-300x205.jpg\" alt=\"DBSUCRE\" \/><\/figure><\/a><\/div><div class=\"swiper-slide\" role=\"group\" aria-roledescription=\"slide\" aria-label=\"4 de 7\"><a data-elementor-open-lightbox=\"yes\" data-elementor-lightbox-slideshow=\"441e7e0\" data-elementor-lightbox-title=\"FOTOS HISTORICAS 014\" data-e-action-hash=\"#elementor-action%3Aaction%3Dlightbox%26settings%3DeyJpZCI6NzU4LCJ1cmwiOiJodHRwczpcL1wvc2RiLmJvXC9zZGJcL3dwLWNvbnRlbnRcL3VwbG9hZHNcLzIwMjJcLzAyXC9GT1RPUy1ISVNUT1JJQ0FTLTAxNC5qcGciLCJzbGlkZXNob3ciOiI0NDFlN2UwIn0%3D\" href=\"https:\/\/sdb.bo\/sdb\/wp-content\/uploads\/2022\/02\/FOTOS-HISTORICAS-014.jpg\"><figure class=\"swiper-slide-inner\"><img decoding=\"async\" class=\"swiper-slide-image\" src=\"https:\/\/sdb.bo\/sdb\/wp-content\/uploads\/2022\/02\/FOTOS-HISTORICAS-014-300x217.jpg\" alt=\"FOTOS HISTORICAS 014\" \/><\/figure><\/a><\/div><div class=\"swiper-slide\" role=\"group\" aria-roledescription=\"slide\" aria-label=\"5 de 7\"><a data-elementor-open-lightbox=\"yes\" data-elementor-lightbox-slideshow=\"441e7e0\" data-elementor-lightbox-title=\"FOTOS HISTORICAS 018\" data-e-action-hash=\"#elementor-action%3Aaction%3Dlightbox%26settings%3DeyJpZCI6NzU5LCJ1cmwiOiJodHRwczpcL1wvc2RiLmJvXC9zZGJcL3dwLWNvbnRlbnRcL3VwbG9hZHNcLzIwMjJcLzAyXC9GT1RPUy1ISVNUT1JJQ0FTLTAxOC1zY2FsZWQuanBnIiwic2xpZGVzaG93IjoiNDQxZTdlMCJ9\" href=\"https:\/\/sdb.bo\/sdb\/wp-content\/uploads\/2022\/02\/FOTOS-HISTORICAS-018-scaled.jpg\"><figure class=\"swiper-slide-inner\"><img decoding=\"async\" class=\"swiper-slide-image\" src=\"https:\/\/sdb.bo\/sdb\/wp-content\/uploads\/2022\/02\/FOTOS-HISTORICAS-018-190x300.jpg\" alt=\"FOTOS HISTORICAS 018\" \/><\/figure><\/a><\/div><div class=\"swiper-slide\" role=\"group\" aria-roledescription=\"slide\" aria-label=\"6 de 7\"><a data-elementor-open-lightbox=\"yes\" data-elementor-lightbox-slideshow=\"441e7e0\" data-elementor-lightbox-title=\"severino 5013_opt\" data-e-action-hash=\"#elementor-action%3Aaction%3Dlightbox%26settings%3DeyJpZCI6NzYyLCJ1cmwiOiJodHRwczpcL1wvc2RiLmJvXC9zZGJcL3dwLWNvbnRlbnRcL3VwbG9hZHNcLzIwMjJcLzAyXC9zZXZlcmluby01MDEzX29wdC5qcGciLCJzbGlkZXNob3ciOiI0NDFlN2UwIn0%3D\" href=\"https:\/\/sdb.bo\/sdb\/wp-content\/uploads\/2022\/02\/severino-5013_opt.jpg\"><figure class=\"swiper-slide-inner\"><img decoding=\"async\" class=\"swiper-slide-image\" src=\"https:\/\/sdb.bo\/sdb\/wp-content\/uploads\/2022\/02\/severino-5013_opt-300x193.jpg\" alt=\"severino 5013_opt\" \/><\/figure><\/a><\/div><div class=\"swiper-slide\" role=\"group\" aria-roledescription=\"slide\" aria-label=\"7 de 7\"><a data-elementor-open-lightbox=\"yes\" data-elementor-lightbox-slideshow=\"441e7e0\" data-elementor-lightbox-title=\"severino 5015_opt\" data-e-action-hash=\"#elementor-action%3Aaction%3Dlightbox%26settings%3DeyJpZCI6NzYzLCJ1cmwiOiJodHRwczpcL1wvc2RiLmJvXC9zZGJcL3dwLWNvbnRlbnRcL3VwbG9hZHNcLzIwMjJcLzAyXC9zZXZlcmluby01MDE1X29wdC5qcGciLCJzbGlkZXNob3ciOiI0NDFlN2UwIn0%3D\" href=\"https:\/\/sdb.bo\/sdb\/wp-content\/uploads\/2022\/02\/severino-5015_opt.jpg\"><figure class=\"swiper-slide-inner\"><img decoding=\"async\" class=\"swiper-slide-image\" src=\"https:\/\/sdb.bo\/sdb\/wp-content\/uploads\/2022\/02\/severino-5015_opt-300x173.jpg\" alt=\"severino 5015_opt\" \/><\/figure><\/a><\/div>\t\t\t<\/div>\n\t\t\t\t\t\t\t\t\t\t\t\t<div class=\"elementor-swiper-button elementor-swiper-button-prev\" role=\"button\" tabindex=\"0\">\n\t\t\t\t\t\t<i aria-hidden=\"true\" class=\"eicon-chevron-left\"><\/i>\t\t\t\t\t<\/div>\n\t\t\t\t\t<div class=\"elementor-swiper-button elementor-swiper-button-next\" role=\"button\" tabindex=\"0\">\n\t\t\t\t\t\t<i aria-hidden=\"true\" class=\"eicon-chevron-right\"><\/i>\t\t\t\t\t<\/div>\n\t\t\t\t\n\t\t\t\t\t\t\t\t\t<div class=\"swiper-pagination\"><\/div>\n\t\t\t\t\t\t\t\t\t<\/div>\n\t\t\t\t\t\t<\/div>\n\t\t\t\t<\/div>\n\t\t\t\t\t<\/div>\n\t\t<\/div>\n\t\t\t\t\t<\/div>\n\t\t<\/section>\n\t\t\t\t<\/div>\n\t\t","protected":false},"excerpt":{"rendered":"<p>Historia En julio de 1890, llega a Bolivia el primer salesiano presb\u00edtero, el Revdo. Don Santiago Costamagna,\u00a0 Inspector de las casas Salesianas en Argentina. Ese mismo a\u00f1o, recibi\u00f3 la orden de Mons. Juan Cagliero (primer obispo salesiano de la congregaci\u00f3n) de visitar los colegios de Chile y Ecuador, gestionar una fundaci\u00f3n en Lima y los [&hellip;]<\/p>\n<div class=\"pvc_clear\"><\/div>\n<p class=\"pvc_stats all \" data-element-id=\"751\" style=\"\"><i class=\"pvc-stats-icon medium\" aria-hidden=\"true\"><svg aria-hidden=\"true\" focusable=\"false\" data-prefix=\"far\" data-icon=\"chart-bar\" role=\"img\" xmlns=\"http:\/\/www.w3.org\/2000\/svg\" viewBox=\"0 0 512 512\" class=\"svg-inline--fa fa-chart-bar fa-w-16 fa-2x\"><path fill=\"currentColor\" d=\"M396.8 352h22.4c6.4 0 12.8-6.4 12.8-12.8V108.8c0-6.4-6.4-12.8-12.8-12.8h-22.4c-6.4 0-12.8 6.4-12.8 12.8v230.4c0 6.4 6.4 12.8 12.8 12.8zm-192 0h22.4c6.4 0 12.8-6.4 12.8-12.8V140.8c0-6.4-6.4-12.8-12.8-12.8h-22.4c-6.4 0-12.8 6.4-12.8 12.8v198.4c0 6.4 6.4 12.8 12.8 12.8zm96 0h22.4c6.4 0 12.8-6.4 12.8-12.8V204.8c0-6.4-6.4-12.8-12.8-12.8h-22.4c-6.4 0-12.8 6.4-12.8 12.8v134.4c0 6.4 6.4 12.8 12.8 12.8zM496 400H48V80c0-8.84-7.16-16-16-16H16C7.16 64 0 71.16 0 80v336c0 17.67 14.33 32 32 32h464c8.84 0 16-7.16 16-16v-16c0-8.84-7.16-16-16-16zm-387.2-48h22.4c6.4 0 12.8-6.4 12.8-12.8v-70.4c0-6.4-6.4-12.8-12.8-12.8h-22.4c-6.4 0-12.8 6.4-12.8 12.8v70.4c0 6.4 6.4 12.8 12.8 12.8z\" class=\"\"><\/path><\/svg><\/i> Total de visitas&nbsp;6,410&nbsp;<\/p>\n<div class=\"pvc_clear\"><\/div>\n","protected":false},"author":3,"featured_media":0,"parent":0,"menu_order":0,"comment_status":"closed","ping_status":"closed","template":"","meta":{"mapsvg_location":"","footnotes":""},"class_list":["post-751","page","type-page","status-publish","hentry"],"jetpack_sharing_enabled":true,"_links":{"self":[{"href":"https:\/\/sdb.bo\/sdb\/wp-json\/wp\/v2\/pages\/751","targetHints":{"allow":["GET"]}}],"collection":[{"href":"https:\/\/sdb.bo\/sdb\/wp-json\/wp\/v2\/pages"}],"about":[{"href":"https:\/\/sdb.bo\/sdb\/wp-json\/wp\/v2\/types\/page"}],"author":[{"embeddable":true,"href":"https:\/\/sdb.bo\/sdb\/wp-json\/wp\/v2\/users\/3"}],"replies":[{"embeddable":true,"href":"https:\/\/sdb.bo\/sdb\/wp-json\/wp\/v2\/comments?post=751"}],"version-history":[{"count":16,"href":"https:\/\/sdb.bo\/sdb\/wp-json\/wp\/v2\/pages\/751\/revisions"}],"predecessor-version":[{"id":42978,"href":"https:\/\/sdb.bo\/sdb\/wp-json\/wp\/v2\/pages\/751\/revisions\/42978"}],"wp:attachment":[{"href":"https:\/\/sdb.bo\/sdb\/wp-json\/wp\/v2\/media?parent=751"}],"curies":[{"name":"wp","href":"https:\/\/api.w.org\/{rel}","templated":true}]}}