{"id":1343,"date":"2022-02-24T14:34:57","date_gmt":"2022-02-24T18:34:57","guid":{"rendered":"https:\/\/sdb.bo\/sdb\/?page_id=1343"},"modified":"2022-02-24T14:43:27","modified_gmt":"2022-02-24T18:43:27","slug":"campo-bosco","status":"publish","type":"page","link":"https:\/\/sdb.bo\/sdb\/campo-bosco\/","title":{"rendered":"Campo Bosco"},"content":{"rendered":"\t\t<div data-elementor-type=\"wp-page\" data-elementor-id=\"1343\" class=\"elementor elementor-1343\" data-elementor-post-type=\"page\">\n\t\t\t\t\t\t<section class=\"elementor-section elementor-top-section elementor-element elementor-element-fc0aab9 elementor-section-boxed elementor-section-height-default elementor-section-height-default\" data-id=\"fc0aab9\" data-element_type=\"section\" data-settings=\"{&quot;background_background&quot;:&quot;classic&quot;}\">\n\t\t\t\t\t\t\t<div class=\"elementor-background-overlay\"><\/div>\n\t\t\t\t\t\t\t<div class=\"elementor-container elementor-column-gap-default\">\n\t\t\t\t\t<div class=\"elementor-column elementor-col-100 elementor-top-column elementor-element elementor-element-4bd407b\" data-id=\"4bd407b\" data-element_type=\"column\">\n\t\t\t<div class=\"elementor-widget-wrap elementor-element-populated\">\n\t\t\t\t\t\t<div class=\"elementor-element elementor-element-eaeaaf7 elementor-widget elementor-widget-heading\" data-id=\"eaeaaf7\" data-element_type=\"widget\" data-widget_type=\"heading.default\">\n\t\t\t\t<div class=\"elementor-widget-container\">\n\t\t\t\t\t<h1 class=\"elementor-heading-title elementor-size-default\">Campo Bosco<\/h1>\t\t\t\t<\/div>\n\t\t\t\t<\/div>\n\t\t\t\t\t<\/div>\n\t\t<\/div>\n\t\t\t\t\t<\/div>\n\t\t<\/section>\n\t\t\t\t<section class=\"elementor-section elementor-top-section elementor-element elementor-element-8de704d elementor-section-full_width elementor-section-height-default elementor-section-height-default\" data-id=\"8de704d\" data-element_type=\"section\" data-settings=\"{&quot;background_background&quot;:&quot;classic&quot;}\">\n\t\t\t\t\t\t\t<div class=\"elementor-background-overlay\"><\/div>\n\t\t\t\t\t\t\t<div class=\"elementor-container elementor-column-gap-wider\">\n\t\t\t\t\t<div class=\"elementor-column elementor-col-33 elementor-top-column elementor-element elementor-element-ef7988a\" data-id=\"ef7988a\" data-element_type=\"column\">\n\t\t\t<div class=\"elementor-widget-wrap elementor-element-populated\">\n\t\t\t\t\t\t<div class=\"elementor-element elementor-element-732a4dd elementor-widget elementor-widget-image\" data-id=\"732a4dd\" data-element_type=\"widget\" data-widget_type=\"image.default\">\n\t\t\t\t<div class=\"elementor-widget-container\">\n\t\t\t\t\t\t\t\t\t\t\t\t\t\t\t\t<a href=\"https:\/\/sdb.bo\/sdb\/wp-content\/uploads\/2022\/02\/IMG_6347_opt.jpg\" data-elementor-open-lightbox=\"yes\" data-elementor-lightbox-title=\"IMG_6347_opt\" data-e-action-hash=\"#elementor-action%3Aaction%3Dlightbox%26settings%3DeyJpZCI6MTM1OSwidXJsIjoiaHR0cHM6XC9cL3NkYi5ib1wvc2RiXC93cC1jb250ZW50XC91cGxvYWRzXC8yMDIyXC8wMlwvSU1HXzYzNDdfb3B0LmpwZyJ9\">\n\t\t\t\t\t\t\t<img fetchpriority=\"high\" decoding=\"async\" width=\"800\" height=\"533\" src=\"https:\/\/sdb.bo\/sdb\/wp-content\/uploads\/2022\/02\/IMG_6347_opt-1024x682.jpg\" class=\"attachment-large size-large wp-image-1359\" alt=\"\" srcset=\"https:\/\/sdb.bo\/sdb\/wp-content\/uploads\/2022\/02\/IMG_6347_opt-1024x682.jpg 1024w, https:\/\/sdb.bo\/sdb\/wp-content\/uploads\/2022\/02\/IMG_6347_opt-300x200.jpg 300w, https:\/\/sdb.bo\/sdb\/wp-content\/uploads\/2022\/02\/IMG_6347_opt-768x512.jpg 768w, https:\/\/sdb.bo\/sdb\/wp-content\/uploads\/2022\/02\/IMG_6347_opt-1536x1024.jpg 1536w, https:\/\/sdb.bo\/sdb\/wp-content\/uploads\/2022\/02\/IMG_6347_opt.jpg 2000w\" sizes=\"(max-width: 800px) 100vw, 800px\" \/>\t\t\t\t\t\t\t\t<\/a>\n\t\t\t\t\t\t\t\t\t\t\t\t\t\t\t<\/div>\n\t\t\t\t<\/div>\n\t\t\t\t<div class=\"elementor-element elementor-element-1b61b2e elementor-widget elementor-widget-image\" data-id=\"1b61b2e\" data-element_type=\"widget\" data-widget_type=\"image.default\">\n\t\t\t\t<div class=\"elementor-widget-container\">\n\t\t\t\t\t\t\t\t\t\t\t\t\t\t\t\t<a href=\"https:\/\/sdb.bo\/sdb\/wp-content\/uploads\/2022\/02\/IMG_6183_opt.jpg\" data-elementor-open-lightbox=\"yes\" data-elementor-lightbox-title=\"IMG_6183_opt\" data-e-action-hash=\"#elementor-action%3Aaction%3Dlightbox%26settings%3DeyJpZCI6MTM1NCwidXJsIjoiaHR0cHM6XC9cL3NkYi5ib1wvc2RiXC93cC1jb250ZW50XC91cGxvYWRzXC8yMDIyXC8wMlwvSU1HXzYxODNfb3B0LmpwZyJ9\">\n\t\t\t\t\t\t\t<img decoding=\"async\" width=\"800\" height=\"533\" src=\"https:\/\/sdb.bo\/sdb\/wp-content\/uploads\/2022\/02\/IMG_6183_opt-1024x682.jpg\" class=\"attachment-large size-large wp-image-1354\" alt=\"\" srcset=\"https:\/\/sdb.bo\/sdb\/wp-content\/uploads\/2022\/02\/IMG_6183_opt-1024x682.jpg 1024w, https:\/\/sdb.bo\/sdb\/wp-content\/uploads\/2022\/02\/IMG_6183_opt-300x200.jpg 300w, https:\/\/sdb.bo\/sdb\/wp-content\/uploads\/2022\/02\/IMG_6183_opt-768x512.jpg 768w, https:\/\/sdb.bo\/sdb\/wp-content\/uploads\/2022\/02\/IMG_6183_opt-1536x1024.jpg 1536w, https:\/\/sdb.bo\/sdb\/wp-content\/uploads\/2022\/02\/IMG_6183_opt.jpg 2000w\" sizes=\"(max-width: 800px) 100vw, 800px\" \/>\t\t\t\t\t\t\t\t<\/a>\n\t\t\t\t\t\t\t\t\t\t\t\t\t\t\t<\/div>\n\t\t\t\t<\/div>\n\t\t\t\t\t<\/div>\n\t\t<\/div>\n\t\t\t\t<div class=\"elementor-column elementor-col-33 elementor-top-column elementor-element elementor-element-9f8d0c0\" data-id=\"9f8d0c0\" data-element_type=\"column\">\n\t\t\t<div class=\"elementor-widget-wrap elementor-element-populated\">\n\t\t\t\t\t\t<div class=\"elementor-element elementor-element-b7d9004 elementor-widget elementor-widget-text-editor\" data-id=\"b7d9004\" data-element_type=\"widget\" data-widget_type=\"text-editor.default\">\n\t\t\t\t<div class=\"elementor-widget-container\">\n\t\t\t\t\t\t\t\t\t<p>Es un evento masivo juvenil que lleva a cabo cada dos a\u00f1os, tienen como sede del evento uno de los departamentos del pa\u00eds. Los j\u00f3venes participantes recorren un camino de formaciones llamado pre Campo Bosco que se desarrolla de manera regional en sus distintas obras, para que en el encuentro nacional representen a su obra y departamento contagiando alegr\u00eda y carisma. En esta actividad participan alrededor de mil j\u00f3venes salesianos.<\/p>\t\t\t\t\t\t\t\t<\/div>\n\t\t\t\t<\/div>\n\t\t\t\t<div class=\"elementor-element elementor-element-1d0989f elementor-arrows-position-inside elementor-pagination-position-outside elementor-widget elementor-widget-image-carousel\" data-id=\"1d0989f\" data-element_type=\"widget\" data-settings=\"{&quot;slides_to_show&quot;:&quot;1&quot;,&quot;navigation&quot;:&quot;both&quot;,&quot;autoplay&quot;:&quot;yes&quot;,&quot;pause_on_hover&quot;:&quot;yes&quot;,&quot;pause_on_interaction&quot;:&quot;yes&quot;,&quot;autoplay_speed&quot;:5000,&quot;infinite&quot;:&quot;yes&quot;,&quot;effect&quot;:&quot;slide&quot;,&quot;speed&quot;:500}\" data-widget_type=\"image-carousel.default\">\n\t\t\t\t<div class=\"elementor-widget-container\">\n\t\t\t\t\t\t\t<div class=\"elementor-image-carousel-wrapper swiper\" role=\"region\" aria-roledescription=\"carousel\" aria-label=\"Carrusel de Im\u00e1genes\" dir=\"ltr\">\n\t\t\t<div class=\"elementor-image-carousel swiper-wrapper\" aria-live=\"off\">\n\t\t\t\t\t\t\t\t<div class=\"swiper-slide\" role=\"group\" aria-roledescription=\"slide\" aria-label=\"1 de 17\"><a data-elementor-open-lightbox=\"yes\" data-elementor-lightbox-slideshow=\"1d0989f\" data-elementor-lightbox-title=\"IMG_6802_opt\" data-e-action-hash=\"#elementor-action%3Aaction%3Dlightbox%26settings%3DeyJpZCI6MTM2MywidXJsIjoiaHR0cHM6XC9cL3NkYi5ib1wvc2RiXC93cC1jb250ZW50XC91cGxvYWRzXC8yMDIyXC8wMlwvSU1HXzY4MDJfb3B0LmpwZyIsInNsaWRlc2hvdyI6IjFkMDk4OWYifQ%3D%3D\" href=\"https:\/\/sdb.bo\/sdb\/wp-content\/uploads\/2022\/02\/IMG_6802_opt.jpg\"><figure class=\"swiper-slide-inner\"><img decoding=\"async\" class=\"swiper-slide-image\" src=\"https:\/\/sdb.bo\/sdb\/wp-content\/uploads\/2022\/02\/IMG_6802_opt-768x512.jpg\" alt=\"IMG_6802_opt\" \/><\/figure><\/a><\/div><div class=\"swiper-slide\" role=\"group\" aria-roledescription=\"slide\" aria-label=\"2 de 17\"><a data-elementor-open-lightbox=\"yes\" data-elementor-lightbox-slideshow=\"1d0989f\" data-elementor-lightbox-title=\"IMG_6583_opt\" data-e-action-hash=\"#elementor-action%3Aaction%3Dlightbox%26settings%3DeyJpZCI6MTM2MiwidXJsIjoiaHR0cHM6XC9cL3NkYi5ib1wvc2RiXC93cC1jb250ZW50XC91cGxvYWRzXC8yMDIyXC8wMlwvSU1HXzY1ODNfb3B0LmpwZyIsInNsaWRlc2hvdyI6IjFkMDk4OWYifQ%3D%3D\" href=\"https:\/\/sdb.bo\/sdb\/wp-content\/uploads\/2022\/02\/IMG_6583_opt.jpg\"><figure class=\"swiper-slide-inner\"><img decoding=\"async\" class=\"swiper-slide-image\" src=\"https:\/\/sdb.bo\/sdb\/wp-content\/uploads\/2022\/02\/IMG_6583_opt-768x512.jpg\" alt=\"IMG_6583_opt\" \/><\/figure><\/a><\/div><div class=\"swiper-slide\" role=\"group\" aria-roledescription=\"slide\" aria-label=\"3 de 17\"><a data-elementor-open-lightbox=\"yes\" data-elementor-lightbox-slideshow=\"1d0989f\" data-elementor-lightbox-title=\"IMG_6529_opt\" data-e-action-hash=\"#elementor-action%3Aaction%3Dlightbox%26settings%3DeyJpZCI6MTM2MSwidXJsIjoiaHR0cHM6XC9cL3NkYi5ib1wvc2RiXC93cC1jb250ZW50XC91cGxvYWRzXC8yMDIyXC8wMlwvSU1HXzY1Mjlfb3B0LmpwZyIsInNsaWRlc2hvdyI6IjFkMDk4OWYifQ%3D%3D\" href=\"https:\/\/sdb.bo\/sdb\/wp-content\/uploads\/2022\/02\/IMG_6529_opt.jpg\"><figure class=\"swiper-slide-inner\"><img decoding=\"async\" class=\"swiper-slide-image\" src=\"https:\/\/sdb.bo\/sdb\/wp-content\/uploads\/2022\/02\/IMG_6529_opt-768x512.jpg\" alt=\"IMG_6529_opt\" \/><\/figure><\/a><\/div><div class=\"swiper-slide\" role=\"group\" aria-roledescription=\"slide\" aria-label=\"4 de 17\"><a data-elementor-open-lightbox=\"yes\" data-elementor-lightbox-slideshow=\"1d0989f\" data-elementor-lightbox-title=\"IMG_6392_opt\" data-e-action-hash=\"#elementor-action%3Aaction%3Dlightbox%26settings%3DeyJpZCI6MTM2MCwidXJsIjoiaHR0cHM6XC9cL3NkYi5ib1wvc2RiXC93cC1jb250ZW50XC91cGxvYWRzXC8yMDIyXC8wMlwvSU1HXzYzOTJfb3B0LmpwZyIsInNsaWRlc2hvdyI6IjFkMDk4OWYifQ%3D%3D\" href=\"https:\/\/sdb.bo\/sdb\/wp-content\/uploads\/2022\/02\/IMG_6392_opt.jpg\"><figure class=\"swiper-slide-inner\"><img decoding=\"async\" class=\"swiper-slide-image\" src=\"https:\/\/sdb.bo\/sdb\/wp-content\/uploads\/2022\/02\/IMG_6392_opt-768x512.jpg\" alt=\"IMG_6392_opt\" \/><\/figure><\/a><\/div><div class=\"swiper-slide\" role=\"group\" aria-roledescription=\"slide\" aria-label=\"5 de 17\"><a data-elementor-open-lightbox=\"yes\" data-elementor-lightbox-slideshow=\"1d0989f\" data-elementor-lightbox-title=\"IMG_6347_opt\" data-e-action-hash=\"#elementor-action%3Aaction%3Dlightbox%26settings%3DeyJpZCI6MTM1OSwidXJsIjoiaHR0cHM6XC9cL3NkYi5ib1wvc2RiXC93cC1jb250ZW50XC91cGxvYWRzXC8yMDIyXC8wMlwvSU1HXzYzNDdfb3B0LmpwZyIsInNsaWRlc2hvdyI6IjFkMDk4OWYifQ%3D%3D\" href=\"https:\/\/sdb.bo\/sdb\/wp-content\/uploads\/2022\/02\/IMG_6347_opt.jpg\"><figure class=\"swiper-slide-inner\"><img decoding=\"async\" class=\"swiper-slide-image\" src=\"https:\/\/sdb.bo\/sdb\/wp-content\/uploads\/2022\/02\/IMG_6347_opt-768x512.jpg\" alt=\"IMG_6347_opt\" \/><\/figure><\/a><\/div><div class=\"swiper-slide\" role=\"group\" aria-roledescription=\"slide\" aria-label=\"6 de 17\"><a data-elementor-open-lightbox=\"yes\" data-elementor-lightbox-slideshow=\"1d0989f\" data-elementor-lightbox-title=\"IMG_6295_opt\" data-e-action-hash=\"#elementor-action%3Aaction%3Dlightbox%26settings%3DeyJpZCI6MTM1OCwidXJsIjoiaHR0cHM6XC9cL3NkYi5ib1wvc2RiXC93cC1jb250ZW50XC91cGxvYWRzXC8yMDIyXC8wMlwvSU1HXzYyOTVfb3B0LmpwZyIsInNsaWRlc2hvdyI6IjFkMDk4OWYifQ%3D%3D\" href=\"https:\/\/sdb.bo\/sdb\/wp-content\/uploads\/2022\/02\/IMG_6295_opt.jpg\"><figure class=\"swiper-slide-inner\"><img decoding=\"async\" class=\"swiper-slide-image\" src=\"https:\/\/sdb.bo\/sdb\/wp-content\/uploads\/2022\/02\/IMG_6295_opt-768x512.jpg\" alt=\"IMG_6295_opt\" \/><\/figure><\/a><\/div><div class=\"swiper-slide\" role=\"group\" aria-roledescription=\"slide\" aria-label=\"7 de 17\"><a data-elementor-open-lightbox=\"yes\" data-elementor-lightbox-slideshow=\"1d0989f\" data-elementor-lightbox-title=\"IMG_6283_opt\" data-e-action-hash=\"#elementor-action%3Aaction%3Dlightbox%26settings%3DeyJpZCI6MTM1NywidXJsIjoiaHR0cHM6XC9cL3NkYi5ib1wvc2RiXC93cC1jb250ZW50XC91cGxvYWRzXC8yMDIyXC8wMlwvSU1HXzYyODNfb3B0LmpwZyIsInNsaWRlc2hvdyI6IjFkMDk4OWYifQ%3D%3D\" href=\"https:\/\/sdb.bo\/sdb\/wp-content\/uploads\/2022\/02\/IMG_6283_opt.jpg\"><figure class=\"swiper-slide-inner\"><img decoding=\"async\" class=\"swiper-slide-image\" src=\"https:\/\/sdb.bo\/sdb\/wp-content\/uploads\/2022\/02\/IMG_6283_opt-768x512.jpg\" alt=\"IMG_6283_opt\" \/><\/figure><\/a><\/div><div class=\"swiper-slide\" role=\"group\" aria-roledescription=\"slide\" aria-label=\"8 de 17\"><a data-elementor-open-lightbox=\"yes\" data-elementor-lightbox-slideshow=\"1d0989f\" data-elementor-lightbox-title=\"IMG_6270_opt\" data-e-action-hash=\"#elementor-action%3Aaction%3Dlightbox%26settings%3DeyJpZCI6MTM1NiwidXJsIjoiaHR0cHM6XC9cL3NkYi5ib1wvc2RiXC93cC1jb250ZW50XC91cGxvYWRzXC8yMDIyXC8wMlwvSU1HXzYyNzBfb3B0LmpwZyIsInNsaWRlc2hvdyI6IjFkMDk4OWYifQ%3D%3D\" href=\"https:\/\/sdb.bo\/sdb\/wp-content\/uploads\/2022\/02\/IMG_6270_opt.jpg\"><figure class=\"swiper-slide-inner\"><img decoding=\"async\" class=\"swiper-slide-image\" src=\"https:\/\/sdb.bo\/sdb\/wp-content\/uploads\/2022\/02\/IMG_6270_opt-768x512.jpg\" alt=\"IMG_6270_opt\" \/><\/figure><\/a><\/div><div class=\"swiper-slide\" role=\"group\" aria-roledescription=\"slide\" aria-label=\"9 de 17\"><a data-elementor-open-lightbox=\"yes\" data-elementor-lightbox-slideshow=\"1d0989f\" data-elementor-lightbox-title=\"IMG_6250_opt\" data-e-action-hash=\"#elementor-action%3Aaction%3Dlightbox%26settings%3DeyJpZCI6MTM1NSwidXJsIjoiaHR0cHM6XC9cL3NkYi5ib1wvc2RiXC93cC1jb250ZW50XC91cGxvYWRzXC8yMDIyXC8wMlwvSU1HXzYyNTBfb3B0LmpwZyIsInNsaWRlc2hvdyI6IjFkMDk4OWYifQ%3D%3D\" href=\"https:\/\/sdb.bo\/sdb\/wp-content\/uploads\/2022\/02\/IMG_6250_opt.jpg\"><figure class=\"swiper-slide-inner\"><img decoding=\"async\" class=\"swiper-slide-image\" src=\"https:\/\/sdb.bo\/sdb\/wp-content\/uploads\/2022\/02\/IMG_6250_opt-768x512.jpg\" alt=\"IMG_6250_opt\" \/><\/figure><\/a><\/div><div class=\"swiper-slide\" role=\"group\" aria-roledescription=\"slide\" aria-label=\"10 de 17\"><a data-elementor-open-lightbox=\"yes\" data-elementor-lightbox-slideshow=\"1d0989f\" data-elementor-lightbox-title=\"IMG_6183_opt\" data-e-action-hash=\"#elementor-action%3Aaction%3Dlightbox%26settings%3DeyJpZCI6MTM1NCwidXJsIjoiaHR0cHM6XC9cL3NkYi5ib1wvc2RiXC93cC1jb250ZW50XC91cGxvYWRzXC8yMDIyXC8wMlwvSU1HXzYxODNfb3B0LmpwZyIsInNsaWRlc2hvdyI6IjFkMDk4OWYifQ%3D%3D\" href=\"https:\/\/sdb.bo\/sdb\/wp-content\/uploads\/2022\/02\/IMG_6183_opt.jpg\"><figure class=\"swiper-slide-inner\"><img decoding=\"async\" class=\"swiper-slide-image\" src=\"https:\/\/sdb.bo\/sdb\/wp-content\/uploads\/2022\/02\/IMG_6183_opt-768x512.jpg\" alt=\"IMG_6183_opt\" \/><\/figure><\/a><\/div><div class=\"swiper-slide\" role=\"group\" aria-roledescription=\"slide\" aria-label=\"11 de 17\"><a data-elementor-open-lightbox=\"yes\" data-elementor-lightbox-slideshow=\"1d0989f\" data-elementor-lightbox-title=\"IMG_6167_opt\" data-e-action-hash=\"#elementor-action%3Aaction%3Dlightbox%26settings%3DeyJpZCI6MTM1MywidXJsIjoiaHR0cHM6XC9cL3NkYi5ib1wvc2RiXC93cC1jb250ZW50XC91cGxvYWRzXC8yMDIyXC8wMlwvSU1HXzYxNjdfb3B0LmpwZyIsInNsaWRlc2hvdyI6IjFkMDk4OWYifQ%3D%3D\" href=\"https:\/\/sdb.bo\/sdb\/wp-content\/uploads\/2022\/02\/IMG_6167_opt.jpg\"><figure class=\"swiper-slide-inner\"><img decoding=\"async\" class=\"swiper-slide-image\" src=\"https:\/\/sdb.bo\/sdb\/wp-content\/uploads\/2022\/02\/IMG_6167_opt-768x512.jpg\" alt=\"IMG_6167_opt\" \/><\/figure><\/a><\/div><div class=\"swiper-slide\" role=\"group\" aria-roledescription=\"slide\" aria-label=\"12 de 17\"><a data-elementor-open-lightbox=\"yes\" data-elementor-lightbox-slideshow=\"1d0989f\" data-elementor-lightbox-title=\"IMG_6155_opt\" data-e-action-hash=\"#elementor-action%3Aaction%3Dlightbox%26settings%3DeyJpZCI6MTM1MiwidXJsIjoiaHR0cHM6XC9cL3NkYi5ib1wvc2RiXC93cC1jb250ZW50XC91cGxvYWRzXC8yMDIyXC8wMlwvSU1HXzYxNTVfb3B0LmpwZyIsInNsaWRlc2hvdyI6IjFkMDk4OWYifQ%3D%3D\" href=\"https:\/\/sdb.bo\/sdb\/wp-content\/uploads\/2022\/02\/IMG_6155_opt.jpg\"><figure class=\"swiper-slide-inner\"><img decoding=\"async\" class=\"swiper-slide-image\" src=\"https:\/\/sdb.bo\/sdb\/wp-content\/uploads\/2022\/02\/IMG_6155_opt-768x512.jpg\" alt=\"IMG_6155_opt\" \/><\/figure><\/a><\/div><div class=\"swiper-slide\" role=\"group\" aria-roledescription=\"slide\" aria-label=\"13 de 17\"><a data-elementor-open-lightbox=\"yes\" data-elementor-lightbox-slideshow=\"1d0989f\" data-elementor-lightbox-title=\"IMG_6141_opt\" data-e-action-hash=\"#elementor-action%3Aaction%3Dlightbox%26settings%3DeyJpZCI6MTM1MSwidXJsIjoiaHR0cHM6XC9cL3NkYi5ib1wvc2RiXC93cC1jb250ZW50XC91cGxvYWRzXC8yMDIyXC8wMlwvSU1HXzYxNDFfb3B0LmpwZyIsInNsaWRlc2hvdyI6IjFkMDk4OWYifQ%3D%3D\" href=\"https:\/\/sdb.bo\/sdb\/wp-content\/uploads\/2022\/02\/IMG_6141_opt.jpg\"><figure class=\"swiper-slide-inner\"><img decoding=\"async\" class=\"swiper-slide-image\" src=\"https:\/\/sdb.bo\/sdb\/wp-content\/uploads\/2022\/02\/IMG_6141_opt-768x512.jpg\" alt=\"IMG_6141_opt\" \/><\/figure><\/a><\/div><div class=\"swiper-slide\" role=\"group\" aria-roledescription=\"slide\" aria-label=\"14 de 17\"><a data-elementor-open-lightbox=\"yes\" data-elementor-lightbox-slideshow=\"1d0989f\" data-elementor-lightbox-title=\"IMG_6110_opt\" data-e-action-hash=\"#elementor-action%3Aaction%3Dlightbox%26settings%3DeyJpZCI6MTM1MCwidXJsIjoiaHR0cHM6XC9cL3NkYi5ib1wvc2RiXC93cC1jb250ZW50XC91cGxvYWRzXC8yMDIyXC8wMlwvSU1HXzYxMTBfb3B0LmpwZyIsInNsaWRlc2hvdyI6IjFkMDk4OWYifQ%3D%3D\" href=\"https:\/\/sdb.bo\/sdb\/wp-content\/uploads\/2022\/02\/IMG_6110_opt.jpg\"><figure class=\"swiper-slide-inner\"><img decoding=\"async\" class=\"swiper-slide-image\" src=\"https:\/\/sdb.bo\/sdb\/wp-content\/uploads\/2022\/02\/IMG_6110_opt-768x512.jpg\" alt=\"IMG_6110_opt\" \/><\/figure><\/a><\/div><div class=\"swiper-slide\" role=\"group\" aria-roledescription=\"slide\" aria-label=\"15 de 17\"><a data-elementor-open-lightbox=\"yes\" data-elementor-lightbox-slideshow=\"1d0989f\" data-elementor-lightbox-title=\"IMG_6097_opt\" data-e-action-hash=\"#elementor-action%3Aaction%3Dlightbox%26settings%3DeyJpZCI6MTM0OSwidXJsIjoiaHR0cHM6XC9cL3NkYi5ib1wvc2RiXC93cC1jb250ZW50XC91cGxvYWRzXC8yMDIyXC8wMlwvSU1HXzYwOTdfb3B0LTEuanBnIiwic2xpZGVzaG93IjoiMWQwOTg5ZiJ9\" href=\"https:\/\/sdb.bo\/sdb\/wp-content\/uploads\/2022\/02\/IMG_6097_opt-1.jpg\"><figure class=\"swiper-slide-inner\"><img decoding=\"async\" class=\"swiper-slide-image\" src=\"https:\/\/sdb.bo\/sdb\/wp-content\/uploads\/2022\/02\/IMG_6097_opt-1-768x512.jpg\" alt=\"IMG_6097_opt\" \/><\/figure><\/a><\/div><div class=\"swiper-slide\" role=\"group\" aria-roledescription=\"slide\" aria-label=\"16 de 17\"><a data-elementor-open-lightbox=\"yes\" data-elementor-lightbox-slideshow=\"1d0989f\" data-elementor-lightbox-title=\"48_opt\" data-e-action-hash=\"#elementor-action%3Aaction%3Dlightbox%26settings%3DeyJpZCI6MTM0OCwidXJsIjoiaHR0cHM6XC9cL3NkYi5ib1wvc2RiXC93cC1jb250ZW50XC91cGxvYWRzXC8yMDIyXC8wMlwvNDhfb3B0LmpwZyIsInNsaWRlc2hvdyI6IjFkMDk4OWYifQ%3D%3D\" href=\"https:\/\/sdb.bo\/sdb\/wp-content\/uploads\/2022\/02\/48_opt.jpg\"><figure class=\"swiper-slide-inner\"><img decoding=\"async\" class=\"swiper-slide-image\" src=\"https:\/\/sdb.bo\/sdb\/wp-content\/uploads\/2022\/02\/48_opt-768x512.jpg\" alt=\"48_opt\" \/><\/figure><\/a><\/div><div class=\"swiper-slide\" role=\"group\" aria-roledescription=\"slide\" aria-label=\"17 de 17\"><a data-elementor-open-lightbox=\"yes\" data-elementor-lightbox-slideshow=\"1d0989f\" data-elementor-lightbox-title=\"47_opt\" data-e-action-hash=\"#elementor-action%3Aaction%3Dlightbox%26settings%3DeyJpZCI6MTM0NywidXJsIjoiaHR0cHM6XC9cL3NkYi5ib1wvc2RiXC93cC1jb250ZW50XC91cGxvYWRzXC8yMDIyXC8wMlwvNDdfb3B0LmpwZyIsInNsaWRlc2hvdyI6IjFkMDk4OWYifQ%3D%3D\" href=\"https:\/\/sdb.bo\/sdb\/wp-content\/uploads\/2022\/02\/47_opt.jpg\"><figure class=\"swiper-slide-inner\"><img decoding=\"async\" class=\"swiper-slide-image\" src=\"https:\/\/sdb.bo\/sdb\/wp-content\/uploads\/2022\/02\/47_opt-768x512.jpg\" alt=\"47_opt\" \/><\/figure><\/a><\/div>\t\t\t<\/div>\n\t\t\t\t\t\t\t\t\t\t\t\t<div class=\"elementor-swiper-button elementor-swiper-button-prev\" role=\"button\" tabindex=\"0\">\n\t\t\t\t\t\t<i aria-hidden=\"true\" class=\"eicon-chevron-left\"><\/i>\t\t\t\t\t<\/div>\n\t\t\t\t\t<div class=\"elementor-swiper-button elementor-swiper-button-next\" role=\"button\" tabindex=\"0\">\n\t\t\t\t\t\t<i aria-hidden=\"true\" class=\"eicon-chevron-right\"><\/i>\t\t\t\t\t<\/div>\n\t\t\t\t\n\t\t\t\t\t\t\t\t\t<div class=\"swiper-pagination\"><\/div>\n\t\t\t\t\t\t\t\t\t<\/div>\n\t\t\t\t\t\t<\/div>\n\t\t\t\t<\/div>\n\t\t\t\t\t<\/div>\n\t\t<\/div>\n\t\t\t\t<div class=\"elementor-column elementor-col-33 elementor-top-column elementor-element elementor-element-b68f82c\" data-id=\"b68f82c\" data-element_type=\"column\">\n\t\t\t<div class=\"elementor-widget-wrap elementor-element-populated\">\n\t\t\t\t\t\t<div class=\"elementor-element elementor-element-e4fbdc0 elementor-widget elementor-widget-image\" data-id=\"e4fbdc0\" data-element_type=\"widget\" data-widget_type=\"image.default\">\n\t\t\t\t<div class=\"elementor-widget-container\">\n\t\t\t\t\t\t\t\t\t\t\t\t\t\t\t\t<a href=\"https:\/\/sdb.bo\/sdb\/wp-content\/uploads\/2022\/02\/IMG_6110_opt.jpg\" data-elementor-open-lightbox=\"yes\" data-elementor-lightbox-title=\"IMG_6110_opt\" data-e-action-hash=\"#elementor-action%3Aaction%3Dlightbox%26settings%3DeyJpZCI6MTM1MCwidXJsIjoiaHR0cHM6XC9cL3NkYi5ib1wvc2RiXC93cC1jb250ZW50XC91cGxvYWRzXC8yMDIyXC8wMlwvSU1HXzYxMTBfb3B0LmpwZyJ9\">\n\t\t\t\t\t\t\t<img decoding=\"async\" width=\"800\" height=\"533\" src=\"https:\/\/sdb.bo\/sdb\/wp-content\/uploads\/2022\/02\/IMG_6110_opt-1024x682.jpg\" class=\"attachment-large size-large wp-image-1350\" alt=\"\" srcset=\"https:\/\/sdb.bo\/sdb\/wp-content\/uploads\/2022\/02\/IMG_6110_opt-1024x682.jpg 1024w, https:\/\/sdb.bo\/sdb\/wp-content\/uploads\/2022\/02\/IMG_6110_opt-300x200.jpg 300w, https:\/\/sdb.bo\/sdb\/wp-content\/uploads\/2022\/02\/IMG_6110_opt-768x512.jpg 768w, https:\/\/sdb.bo\/sdb\/wp-content\/uploads\/2022\/02\/IMG_6110_opt-1536x1024.jpg 1536w, https:\/\/sdb.bo\/sdb\/wp-content\/uploads\/2022\/02\/IMG_6110_opt.jpg 2000w\" sizes=\"(max-width: 800px) 100vw, 800px\" \/>\t\t\t\t\t\t\t\t<\/a>\n\t\t\t\t\t\t\t\t\t\t\t\t\t\t\t<\/div>\n\t\t\t\t<\/div>\n\t\t\t\t<div class=\"elementor-element elementor-element-273e88b elementor-widget elementor-widget-image\" data-id=\"273e88b\" data-element_type=\"widget\" data-widget_type=\"image.default\">\n\t\t\t\t<div class=\"elementor-widget-container\">\n\t\t\t\t\t\t\t\t\t\t\t\t\t\t\t\t<a href=\"https:\/\/sdb.bo\/sdb\/wp-content\/uploads\/2022\/02\/IMG_6529_opt.jpg\" data-elementor-open-lightbox=\"yes\" data-elementor-lightbox-title=\"IMG_6529_opt\" data-e-action-hash=\"#elementor-action%3Aaction%3Dlightbox%26settings%3DeyJpZCI6MTM2MSwidXJsIjoiaHR0cHM6XC9cL3NkYi5ib1wvc2RiXC93cC1jb250ZW50XC91cGxvYWRzXC8yMDIyXC8wMlwvSU1HXzY1Mjlfb3B0LmpwZyJ9\">\n\t\t\t\t\t\t\t<img loading=\"lazy\" decoding=\"async\" width=\"800\" height=\"533\" src=\"https:\/\/sdb.bo\/sdb\/wp-content\/uploads\/2022\/02\/IMG_6529_opt-1024x682.jpg\" class=\"attachment-large size-large wp-image-1361\" alt=\"\" srcset=\"https:\/\/sdb.bo\/sdb\/wp-content\/uploads\/2022\/02\/IMG_6529_opt-1024x682.jpg 1024w, https:\/\/sdb.bo\/sdb\/wp-content\/uploads\/2022\/02\/IMG_6529_opt-300x200.jpg 300w, https:\/\/sdb.bo\/sdb\/wp-content\/uploads\/2022\/02\/IMG_6529_opt-768x512.jpg 768w, https:\/\/sdb.bo\/sdb\/wp-content\/uploads\/2022\/02\/IMG_6529_opt-1536x1024.jpg 1536w, https:\/\/sdb.bo\/sdb\/wp-content\/uploads\/2022\/02\/IMG_6529_opt.jpg 2000w\" sizes=\"(max-width: 800px) 100vw, 800px\" \/>\t\t\t\t\t\t\t\t<\/a>\n\t\t\t\t\t\t\t\t\t\t\t\t\t\t\t<\/div>\n\t\t\t\t<\/div>\n\t\t\t\t\t<\/div>\n\t\t<\/div>\n\t\t\t\t\t<\/div>\n\t\t<\/section>\n\t\t\t\t<\/div>\n\t\t","protected":false},"excerpt":{"rendered":"<p>Campo Bosco Es un evento masivo juvenil que lleva a cabo cada dos a\u00f1os, tienen como sede del evento uno de los departamentos del pa\u00eds. Los j\u00f3venes participantes recorren un camino de formaciones llamado pre Campo Bosco que se desarrolla de manera regional en sus distintas obras, para que en el encuentro nacional representen a [&hellip;]<\/p>\n<div class=\"pvc_clear\"><\/div>\n<p class=\"pvc_stats all \" data-element-id=\"1343\" style=\"\"><i class=\"pvc-stats-icon medium\" aria-hidden=\"true\"><svg aria-hidden=\"true\" focusable=\"false\" data-prefix=\"far\" data-icon=\"chart-bar\" role=\"img\" xmlns=\"http:\/\/www.w3.org\/2000\/svg\" viewBox=\"0 0 512 512\" class=\"svg-inline--fa fa-chart-bar fa-w-16 fa-2x\"><path fill=\"currentColor\" d=\"M396.8 352h22.4c6.4 0 12.8-6.4 12.8-12.8V108.8c0-6.4-6.4-12.8-12.8-12.8h-22.4c-6.4 0-12.8 6.4-12.8 12.8v230.4c0 6.4 6.4 12.8 12.8 12.8zm-192 0h22.4c6.4 0 12.8-6.4 12.8-12.8V140.8c0-6.4-6.4-12.8-12.8-12.8h-22.4c-6.4 0-12.8 6.4-12.8 12.8v198.4c0 6.4 6.4 12.8 12.8 12.8zm96 0h22.4c6.4 0 12.8-6.4 12.8-12.8V204.8c0-6.4-6.4-12.8-12.8-12.8h-22.4c-6.4 0-12.8 6.4-12.8 12.8v134.4c0 6.4 6.4 12.8 12.8 12.8zM496 400H48V80c0-8.84-7.16-16-16-16H16C7.16 64 0 71.16 0 80v336c0 17.67 14.33 32 32 32h464c8.84 0 16-7.16 16-16v-16c0-8.84-7.16-16-16-16zm-387.2-48h22.4c6.4 0 12.8-6.4 12.8-12.8v-70.4c0-6.4-6.4-12.8-12.8-12.8h-22.4c-6.4 0-12.8 6.4-12.8 12.8v70.4c0 6.4 6.4 12.8 12.8 12.8z\" class=\"\"><\/path><\/svg><\/i> Total de visitas&nbsp;1,656&nbsp;<\/p>\n<div class=\"pvc_clear\"><\/div>\n","protected":false},"author":3,"featured_media":0,"parent":0,"menu_order":0,"comment_status":"closed","ping_status":"closed","template":"","meta":{"mapsvg_location":"","footnotes":""},"class_list":["post-1343","page","type-page","status-publish","hentry"],"jetpack_sharing_enabled":true,"_links":{"self":[{"href":"https:\/\/sdb.bo\/sdb\/wp-json\/wp\/v2\/pages\/1343","targetHints":{"allow":["GET"]}}],"collection":[{"href":"https:\/\/sdb.bo\/sdb\/wp-json\/wp\/v2\/pages"}],"about":[{"href":"https:\/\/sdb.bo\/sdb\/wp-json\/wp\/v2\/types\/page"}],"author":[{"embeddable":true,"href":"https:\/\/sdb.bo\/sdb\/wp-json\/wp\/v2\/users\/3"}],"replies":[{"embeddable":true,"href":"https:\/\/sdb.bo\/sdb\/wp-json\/wp\/v2\/comments?post=1343"}],"version-history":[{"count":9,"href":"https:\/\/sdb.bo\/sdb\/wp-json\/wp\/v2\/pages\/1343\/revisions"}],"predecessor-version":[{"id":1369,"href":"https:\/\/sdb.bo\/sdb\/wp-json\/wp\/v2\/pages\/1343\/revisions\/1369"}],"wp:attachment":[{"href":"https:\/\/sdb.bo\/sdb\/wp-json\/wp\/v2\/media?parent=1343"}],"curies":[{"name":"wp","href":"https:\/\/api.w.org\/{rel}","templated":true}]}}