{"id":1290,"date":"2022-02-24T12:59:27","date_gmt":"2022-02-24T16:59:27","guid":{"rendered":"https:\/\/sdb.bo\/sdb\/?page_id=1290"},"modified":"2022-02-25T11:21:13","modified_gmt":"2022-02-25T15:21:13","slug":"universidad-2","status":"publish","type":"page","link":"https:\/\/sdb.bo\/sdb\/universidad-2\/","title":{"rendered":"Vocacional"},"content":{"rendered":"\t\t<div data-elementor-type=\"wp-page\" data-elementor-id=\"1290\" class=\"elementor elementor-1290\" data-elementor-post-type=\"page\">\n\t\t\t\t\t\t<section class=\"elementor-section elementor-top-section elementor-element elementor-element-fc0aab9 elementor-section-boxed elementor-section-height-default elementor-section-height-default\" data-id=\"fc0aab9\" data-element_type=\"section\" data-settings=\"{&quot;background_background&quot;:&quot;classic&quot;}\">\n\t\t\t\t\t\t\t<div class=\"elementor-background-overlay\"><\/div>\n\t\t\t\t\t\t\t<div class=\"elementor-container elementor-column-gap-default\">\n\t\t\t\t\t<div class=\"elementor-column elementor-col-100 elementor-top-column elementor-element elementor-element-4bd407b\" data-id=\"4bd407b\" data-element_type=\"column\">\n\t\t\t<div class=\"elementor-widget-wrap elementor-element-populated\">\n\t\t\t\t\t\t<div class=\"elementor-element elementor-element-eaeaaf7 elementor-widget elementor-widget-heading\" data-id=\"eaeaaf7\" data-element_type=\"widget\" data-widget_type=\"heading.default\">\n\t\t\t\t<div class=\"elementor-widget-container\">\n\t\t\t\t\t<h1 class=\"elementor-heading-title elementor-size-default\">Vocacional <\/h1>\t\t\t\t<\/div>\n\t\t\t\t<\/div>\n\t\t\t\t\t<\/div>\n\t\t<\/div>\n\t\t\t\t\t<\/div>\n\t\t<\/section>\n\t\t\t\t<section class=\"elementor-section elementor-top-section elementor-element elementor-element-8de704d elementor-section-full_width elementor-section-height-default elementor-section-height-default\" data-id=\"8de704d\" data-element_type=\"section\" data-settings=\"{&quot;background_background&quot;:&quot;classic&quot;}\">\n\t\t\t\t\t\t\t<div class=\"elementor-background-overlay\"><\/div>\n\t\t\t\t\t\t\t<div class=\"elementor-container elementor-column-gap-wider\">\n\t\t\t\t\t<div class=\"elementor-column elementor-col-33 elementor-top-column elementor-element elementor-element-ef7988a\" data-id=\"ef7988a\" data-element_type=\"column\">\n\t\t\t<div class=\"elementor-widget-wrap elementor-element-populated\">\n\t\t\t\t\t\t<div class=\"elementor-element elementor-element-732a4dd elementor-widget elementor-widget-image\" data-id=\"732a4dd\" data-element_type=\"widget\" data-widget_type=\"image.default\">\n\t\t\t\t<div class=\"elementor-widget-container\">\n\t\t\t\t\t\t\t\t\t\t\t\t\t\t\t\t<a href=\"https:\/\/sdb.bo\/sdb\/wp-content\/uploads\/2022\/02\/DSC_4510_opt.jpg\" data-elementor-open-lightbox=\"yes\" data-elementor-lightbox-title=\"DSC_4510_opt\" data-e-action-hash=\"#elementor-action%3Aaction%3Dlightbox%26settings%3DeyJpZCI6MTI5NCwidXJsIjoiaHR0cHM6XC9cL3NkYi5ib1wvc2RiXC93cC1jb250ZW50XC91cGxvYWRzXC8yMDIyXC8wMlwvRFNDXzQ1MTBfb3B0LmpwZyJ9\">\n\t\t\t\t\t\t\t<img fetchpriority=\"high\" decoding=\"async\" width=\"800\" height=\"533\" src=\"https:\/\/sdb.bo\/sdb\/wp-content\/uploads\/2022\/02\/DSC_4510_opt-1024x682.jpg\" class=\"attachment-large size-large wp-image-1294\" alt=\"\" srcset=\"https:\/\/sdb.bo\/sdb\/wp-content\/uploads\/2022\/02\/DSC_4510_opt-1024x682.jpg 1024w, https:\/\/sdb.bo\/sdb\/wp-content\/uploads\/2022\/02\/DSC_4510_opt-300x200.jpg 300w, https:\/\/sdb.bo\/sdb\/wp-content\/uploads\/2022\/02\/DSC_4510_opt-768x512.jpg 768w, https:\/\/sdb.bo\/sdb\/wp-content\/uploads\/2022\/02\/DSC_4510_opt-1536x1024.jpg 1536w, https:\/\/sdb.bo\/sdb\/wp-content\/uploads\/2022\/02\/DSC_4510_opt.jpg 2000w\" sizes=\"(max-width: 800px) 100vw, 800px\" \/>\t\t\t\t\t\t\t\t<\/a>\n\t\t\t\t\t\t\t\t\t\t\t\t\t\t\t<\/div>\n\t\t\t\t<\/div>\n\t\t\t\t<div class=\"elementor-element elementor-element-1b61b2e elementor-widget elementor-widget-image\" data-id=\"1b61b2e\" data-element_type=\"widget\" data-widget_type=\"image.default\">\n\t\t\t\t<div class=\"elementor-widget-container\">\n\t\t\t\t\t\t\t\t\t\t\t\t\t\t\t\t<a href=\"https:\/\/sdb.bo\/sdb\/wp-content\/uploads\/2022\/02\/6fd3f642-ba73-4e4d-b0af-8ced20cbdb87.jpg\" data-elementor-open-lightbox=\"yes\" data-elementor-lightbox-title=\"6fd3f642-ba73-4e4d-b0af-8ced20cbdb87\" data-e-action-hash=\"#elementor-action%3Aaction%3Dlightbox%26settings%3DeyJpZCI6MTI5MiwidXJsIjoiaHR0cHM6XC9cL3NkYi5ib1wvc2RiXC93cC1jb250ZW50XC91cGxvYWRzXC8yMDIyXC8wMlwvNmZkM2Y2NDItYmE3My00ZTRkLWIwYWYtOGNlZDIwY2JkYjg3LmpwZyJ9\">\n\t\t\t\t\t\t\t<img decoding=\"async\" width=\"800\" height=\"450\" src=\"https:\/\/sdb.bo\/sdb\/wp-content\/uploads\/2022\/02\/6fd3f642-ba73-4e4d-b0af-8ced20cbdb87-1024x576.jpg\" class=\"attachment-large size-large wp-image-1292\" alt=\"\" srcset=\"https:\/\/sdb.bo\/sdb\/wp-content\/uploads\/2022\/02\/6fd3f642-ba73-4e4d-b0af-8ced20cbdb87-1024x576.jpg 1024w, https:\/\/sdb.bo\/sdb\/wp-content\/uploads\/2022\/02\/6fd3f642-ba73-4e4d-b0af-8ced20cbdb87-300x169.jpg 300w, https:\/\/sdb.bo\/sdb\/wp-content\/uploads\/2022\/02\/6fd3f642-ba73-4e4d-b0af-8ced20cbdb87-768x432.jpg 768w, https:\/\/sdb.bo\/sdb\/wp-content\/uploads\/2022\/02\/6fd3f642-ba73-4e4d-b0af-8ced20cbdb87.jpg 1280w\" sizes=\"(max-width: 800px) 100vw, 800px\" \/>\t\t\t\t\t\t\t\t<\/a>\n\t\t\t\t\t\t\t\t\t\t\t\t\t\t\t<\/div>\n\t\t\t\t<\/div>\n\t\t\t\t\t<\/div>\n\t\t<\/div>\n\t\t\t\t<div class=\"elementor-column elementor-col-33 elementor-top-column elementor-element elementor-element-9f8d0c0\" data-id=\"9f8d0c0\" data-element_type=\"column\">\n\t\t\t<div class=\"elementor-widget-wrap elementor-element-populated\">\n\t\t\t\t\t\t<div class=\"elementor-element elementor-element-b7d9004 elementor-widget elementor-widget-text-editor\" data-id=\"b7d9004\" data-element_type=\"widget\" data-widget_type=\"text-editor.default\">\n\t\t\t\t<div class=\"elementor-widget-container\">\n\t\t\t\t\t\t\t\t\t<p>Mas all\u00e1 de una opci\u00f3n vocacional laboral dentro la sociedad, los salesianos tambi\u00e9n ofrecen una opci\u00f3n vocacional al servicio de Dios, donde los j\u00f3venes pueden encontrarse a s\u00ed mismo a trav\u00e9s de un proceso de discernimiento y lograr pertenecer a los salesianos caminando a trav\u00e9s de sus diferentes etapas. Esta opci\u00f3n vocacional tambi\u00e9n se encuentra en los otros grupos que conforman la familia salesiana como las religiosas o los laicos comprometidos.<\/p>\t\t\t\t\t\t\t\t<\/div>\n\t\t\t\t<\/div>\n\t\t\t\t<div class=\"elementor-element elementor-element-1d0989f elementor-arrows-position-inside elementor-pagination-position-outside elementor-widget elementor-widget-image-carousel\" data-id=\"1d0989f\" data-element_type=\"widget\" data-settings=\"{&quot;slides_to_show&quot;:&quot;1&quot;,&quot;navigation&quot;:&quot;both&quot;,&quot;autoplay&quot;:&quot;yes&quot;,&quot;pause_on_hover&quot;:&quot;yes&quot;,&quot;pause_on_interaction&quot;:&quot;yes&quot;,&quot;autoplay_speed&quot;:5000,&quot;infinite&quot;:&quot;yes&quot;,&quot;effect&quot;:&quot;slide&quot;,&quot;speed&quot;:500}\" data-widget_type=\"image-carousel.default\">\n\t\t\t\t<div class=\"elementor-widget-container\">\n\t\t\t\t\t\t\t<div class=\"elementor-image-carousel-wrapper swiper\" role=\"region\" aria-roledescription=\"carousel\" aria-label=\"Carrusel de Im\u00e1genes\" dir=\"ltr\">\n\t\t\t<div class=\"elementor-image-carousel swiper-wrapper\" aria-live=\"off\">\n\t\t\t\t\t\t\t\t<div class=\"swiper-slide\" role=\"group\" aria-roledescription=\"slide\" aria-label=\"1 de 4\"><a data-elementor-open-lightbox=\"yes\" data-elementor-lightbox-slideshow=\"1d0989f\" data-elementor-lightbox-title=\"DSC_4510_opt\" data-e-action-hash=\"#elementor-action%3Aaction%3Dlightbox%26settings%3DeyJpZCI6MTI5NCwidXJsIjoiaHR0cHM6XC9cL3NkYi5ib1wvc2RiXC93cC1jb250ZW50XC91cGxvYWRzXC8yMDIyXC8wMlwvRFNDXzQ1MTBfb3B0LmpwZyIsInNsaWRlc2hvdyI6IjFkMDk4OWYifQ%3D%3D\" href=\"https:\/\/sdb.bo\/sdb\/wp-content\/uploads\/2022\/02\/DSC_4510_opt.jpg\"><figure class=\"swiper-slide-inner\"><img decoding=\"async\" class=\"swiper-slide-image\" src=\"https:\/\/sdb.bo\/sdb\/wp-content\/uploads\/2022\/02\/DSC_4510_opt-768x512.jpg\" alt=\"DSC_4510_opt\" \/><\/figure><\/a><\/div><div class=\"swiper-slide\" role=\"group\" aria-roledescription=\"slide\" aria-label=\"2 de 4\"><a data-elementor-open-lightbox=\"yes\" data-elementor-lightbox-slideshow=\"1d0989f\" data-elementor-lightbox-title=\"14633720_1814287035449827_2159233130292098123_o\" data-e-action-hash=\"#elementor-action%3Aaction%3Dlightbox%26settings%3DeyJpZCI6MTI5MywidXJsIjoiaHR0cHM6XC9cL3NkYi5ib1wvc2RiXC93cC1jb250ZW50XC91cGxvYWRzXC8yMDIyXC8wMlwvMTQ2MzM3MjBfMTgxNDI4NzAzNTQ0OTgyN18yMTU5MjMzMTMwMjkyMDk4MTIzX28uanBnIiwic2xpZGVzaG93IjoiMWQwOTg5ZiJ9\" href=\"https:\/\/sdb.bo\/sdb\/wp-content\/uploads\/2022\/02\/14633720_1814287035449827_2159233130292098123_o.jpg\"><figure class=\"swiper-slide-inner\"><img decoding=\"async\" class=\"swiper-slide-image\" src=\"https:\/\/sdb.bo\/sdb\/wp-content\/uploads\/2022\/02\/14633720_1814287035449827_2159233130292098123_o-768x432.jpg\" alt=\"14633720_1814287035449827_2159233130292098123_o\" \/><\/figure><\/a><\/div><div class=\"swiper-slide\" role=\"group\" aria-roledescription=\"slide\" aria-label=\"3 de 4\"><a data-elementor-open-lightbox=\"yes\" data-elementor-lightbox-slideshow=\"1d0989f\" data-elementor-lightbox-title=\"6fd3f642-ba73-4e4d-b0af-8ced20cbdb87\" data-e-action-hash=\"#elementor-action%3Aaction%3Dlightbox%26settings%3DeyJpZCI6MTI5MiwidXJsIjoiaHR0cHM6XC9cL3NkYi5ib1wvc2RiXC93cC1jb250ZW50XC91cGxvYWRzXC8yMDIyXC8wMlwvNmZkM2Y2NDItYmE3My00ZTRkLWIwYWYtOGNlZDIwY2JkYjg3LmpwZyIsInNsaWRlc2hvdyI6IjFkMDk4OWYifQ%3D%3D\" href=\"https:\/\/sdb.bo\/sdb\/wp-content\/uploads\/2022\/02\/6fd3f642-ba73-4e4d-b0af-8ced20cbdb87.jpg\"><figure class=\"swiper-slide-inner\"><img decoding=\"async\" class=\"swiper-slide-image\" src=\"https:\/\/sdb.bo\/sdb\/wp-content\/uploads\/2022\/02\/6fd3f642-ba73-4e4d-b0af-8ced20cbdb87-768x432.jpg\" alt=\"6fd3f642-ba73-4e4d-b0af-8ced20cbdb87\" \/><\/figure><\/a><\/div><div class=\"swiper-slide\" role=\"group\" aria-roledescription=\"slide\" aria-label=\"4 de 4\"><a data-elementor-open-lightbox=\"yes\" data-elementor-lightbox-slideshow=\"1d0989f\" data-elementor-lightbox-title=\"14884481_1814287652116432_194581714020493385_o\" data-e-action-hash=\"#elementor-action%3Aaction%3Dlightbox%26settings%3DeyJpZCI6MTI5MSwidXJsIjoiaHR0cHM6XC9cL3NkYi5ib1wvc2RiXC93cC1jb250ZW50XC91cGxvYWRzXC8yMDIyXC8wMlwvMTQ4ODQ0ODFfMTgxNDI4NzY1MjExNjQzMl8xOTQ1ODE3MTQwMjA0OTMzODVfby5qcGciLCJzbGlkZXNob3ciOiIxZDA5ODlmIn0%3D\" href=\"https:\/\/sdb.bo\/sdb\/wp-content\/uploads\/2022\/02\/14884481_1814287652116432_194581714020493385_o.jpg\"><figure class=\"swiper-slide-inner\"><img decoding=\"async\" class=\"swiper-slide-image\" src=\"https:\/\/sdb.bo\/sdb\/wp-content\/uploads\/2022\/02\/14884481_1814287652116432_194581714020493385_o-768x432.jpg\" alt=\"14884481_1814287652116432_194581714020493385_o\" \/><\/figure><\/a><\/div>\t\t\t<\/div>\n\t\t\t\t\t\t\t\t\t\t\t\t<div class=\"elementor-swiper-button elementor-swiper-button-prev\" role=\"button\" tabindex=\"0\">\n\t\t\t\t\t\t<i aria-hidden=\"true\" class=\"eicon-chevron-left\"><\/i>\t\t\t\t\t<\/div>\n\t\t\t\t\t<div class=\"elementor-swiper-button elementor-swiper-button-next\" role=\"button\" tabindex=\"0\">\n\t\t\t\t\t\t<i aria-hidden=\"true\" class=\"eicon-chevron-right\"><\/i>\t\t\t\t\t<\/div>\n\t\t\t\t\n\t\t\t\t\t\t\t\t\t<div class=\"swiper-pagination\"><\/div>\n\t\t\t\t\t\t\t\t\t<\/div>\n\t\t\t\t\t\t<\/div>\n\t\t\t\t<\/div>\n\t\t\t\t\t<\/div>\n\t\t<\/div>\n\t\t\t\t<div class=\"elementor-column elementor-col-33 elementor-top-column elementor-element elementor-element-b68f82c\" data-id=\"b68f82c\" data-element_type=\"column\">\n\t\t\t<div class=\"elementor-widget-wrap elementor-element-populated\">\n\t\t\t\t\t\t<div class=\"elementor-element elementor-element-e4fbdc0 elementor-widget elementor-widget-image\" data-id=\"e4fbdc0\" data-element_type=\"widget\" data-widget_type=\"image.default\">\n\t\t\t\t<div class=\"elementor-widget-container\">\n\t\t\t\t\t\t\t\t\t\t\t\t\t\t\t\t<a href=\"https:\/\/sdb.bo\/sdb\/wp-content\/uploads\/2022\/02\/14884481_1814287652116432_194581714020493385_o.jpg\" data-elementor-open-lightbox=\"yes\" data-elementor-lightbox-title=\"14884481_1814287652116432_194581714020493385_o\" data-e-action-hash=\"#elementor-action%3Aaction%3Dlightbox%26settings%3DeyJpZCI6MTI5MSwidXJsIjoiaHR0cHM6XC9cL3NkYi5ib1wvc2RiXC93cC1jb250ZW50XC91cGxvYWRzXC8yMDIyXC8wMlwvMTQ4ODQ0ODFfMTgxNDI4NzY1MjExNjQzMl8xOTQ1ODE3MTQwMjA0OTMzODVfby5qcGcifQ%3D%3D\">\n\t\t\t\t\t\t\t<img decoding=\"async\" width=\"800\" height=\"450\" src=\"https:\/\/sdb.bo\/sdb\/wp-content\/uploads\/2022\/02\/14884481_1814287652116432_194581714020493385_o-1024x576.jpg\" class=\"attachment-large size-large wp-image-1291\" alt=\"\" srcset=\"https:\/\/sdb.bo\/sdb\/wp-content\/uploads\/2022\/02\/14884481_1814287652116432_194581714020493385_o-1024x576.jpg 1024w, https:\/\/sdb.bo\/sdb\/wp-content\/uploads\/2022\/02\/14884481_1814287652116432_194581714020493385_o-300x169.jpg 300w, https:\/\/sdb.bo\/sdb\/wp-content\/uploads\/2022\/02\/14884481_1814287652116432_194581714020493385_o-768x432.jpg 768w, https:\/\/sdb.bo\/sdb\/wp-content\/uploads\/2022\/02\/14884481_1814287652116432_194581714020493385_o-1536x864.jpg 1536w, https:\/\/sdb.bo\/sdb\/wp-content\/uploads\/2022\/02\/14884481_1814287652116432_194581714020493385_o.jpg 2048w\" sizes=\"(max-width: 800px) 100vw, 800px\" \/>\t\t\t\t\t\t\t\t<\/a>\n\t\t\t\t\t\t\t\t\t\t\t\t\t\t\t<\/div>\n\t\t\t\t<\/div>\n\t\t\t\t<div class=\"elementor-element elementor-element-273e88b elementor-widget elementor-widget-image\" data-id=\"273e88b\" data-element_type=\"widget\" data-widget_type=\"image.default\">\n\t\t\t\t<div class=\"elementor-widget-container\">\n\t\t\t\t\t\t\t\t\t\t\t\t\t\t\t\t<a href=\"https:\/\/sdb.bo\/sdb\/wp-content\/uploads\/2022\/02\/14633720_1814287035449827_2159233130292098123_o.jpg\" data-elementor-open-lightbox=\"yes\" data-elementor-lightbox-title=\"14633720_1814287035449827_2159233130292098123_o\" data-e-action-hash=\"#elementor-action%3Aaction%3Dlightbox%26settings%3DeyJpZCI6MTI5MywidXJsIjoiaHR0cHM6XC9cL3NkYi5ib1wvc2RiXC93cC1jb250ZW50XC91cGxvYWRzXC8yMDIyXC8wMlwvMTQ2MzM3MjBfMTgxNDI4NzAzNTQ0OTgyN18yMTU5MjMzMTMwMjkyMDk4MTIzX28uanBnIn0%3D\">\n\t\t\t\t\t\t\t<img loading=\"lazy\" decoding=\"async\" width=\"800\" height=\"450\" src=\"https:\/\/sdb.bo\/sdb\/wp-content\/uploads\/2022\/02\/14633720_1814287035449827_2159233130292098123_o-1024x576.jpg\" class=\"attachment-large size-large wp-image-1293\" alt=\"\" srcset=\"https:\/\/sdb.bo\/sdb\/wp-content\/uploads\/2022\/02\/14633720_1814287035449827_2159233130292098123_o-1024x576.jpg 1024w, https:\/\/sdb.bo\/sdb\/wp-content\/uploads\/2022\/02\/14633720_1814287035449827_2159233130292098123_o-300x169.jpg 300w, https:\/\/sdb.bo\/sdb\/wp-content\/uploads\/2022\/02\/14633720_1814287035449827_2159233130292098123_o-768x432.jpg 768w, https:\/\/sdb.bo\/sdb\/wp-content\/uploads\/2022\/02\/14633720_1814287035449827_2159233130292098123_o-1536x864.jpg 1536w, https:\/\/sdb.bo\/sdb\/wp-content\/uploads\/2022\/02\/14633720_1814287035449827_2159233130292098123_o.jpg 2048w\" sizes=\"(max-width: 800px) 100vw, 800px\" \/>\t\t\t\t\t\t\t\t<\/a>\n\t\t\t\t\t\t\t\t\t\t\t\t\t\t\t<\/div>\n\t\t\t\t<\/div>\n\t\t\t\t\t<\/div>\n\t\t<\/div>\n\t\t\t\t\t<\/div>\n\t\t<\/section>\n\t\t\t\t<\/div>\n\t\t","protected":false},"excerpt":{"rendered":"<p>Vocacional Mas all\u00e1 de una opci\u00f3n vocacional laboral dentro la sociedad, los salesianos tambi\u00e9n ofrecen una opci\u00f3n vocacional al servicio de Dios, donde los j\u00f3venes pueden encontrarse a s\u00ed mismo a trav\u00e9s de un proceso de discernimiento y lograr pertenecer a los salesianos caminando a trav\u00e9s de sus diferentes etapas. Esta opci\u00f3n vocacional tambi\u00e9n se [&hellip;]<\/p>\n<div class=\"pvc_clear\"><\/div>\n<p class=\"pvc_stats all \" data-element-id=\"1290\" style=\"\"><i class=\"pvc-stats-icon medium\" aria-hidden=\"true\"><svg aria-hidden=\"true\" focusable=\"false\" data-prefix=\"far\" data-icon=\"chart-bar\" role=\"img\" xmlns=\"http:\/\/www.w3.org\/2000\/svg\" viewBox=\"0 0 512 512\" class=\"svg-inline--fa fa-chart-bar fa-w-16 fa-2x\"><path fill=\"currentColor\" d=\"M396.8 352h22.4c6.4 0 12.8-6.4 12.8-12.8V108.8c0-6.4-6.4-12.8-12.8-12.8h-22.4c-6.4 0-12.8 6.4-12.8 12.8v230.4c0 6.4 6.4 12.8 12.8 12.8zm-192 0h22.4c6.4 0 12.8-6.4 12.8-12.8V140.8c0-6.4-6.4-12.8-12.8-12.8h-22.4c-6.4 0-12.8 6.4-12.8 12.8v198.4c0 6.4 6.4 12.8 12.8 12.8zm96 0h22.4c6.4 0 12.8-6.4 12.8-12.8V204.8c0-6.4-6.4-12.8-12.8-12.8h-22.4c-6.4 0-12.8 6.4-12.8 12.8v134.4c0 6.4 6.4 12.8 12.8 12.8zM496 400H48V80c0-8.84-7.16-16-16-16H16C7.16 64 0 71.16 0 80v336c0 17.67 14.33 32 32 32h464c8.84 0 16-7.16 16-16v-16c0-8.84-7.16-16-16-16zm-387.2-48h22.4c6.4 0 12.8-6.4 12.8-12.8v-70.4c0-6.4-6.4-12.8-12.8-12.8h-22.4c-6.4 0-12.8 6.4-12.8 12.8v70.4c0 6.4 6.4 12.8 12.8 12.8z\" class=\"\"><\/path><\/svg><\/i> Total de visitas&nbsp;1,600&nbsp;<\/p>\n<div class=\"pvc_clear\"><\/div>\n","protected":false},"author":3,"featured_media":0,"parent":0,"menu_order":0,"comment_status":"closed","ping_status":"closed","template":"","meta":{"mapsvg_location":"","footnotes":""},"class_list":["post-1290","page","type-page","status-publish","hentry"],"jetpack_sharing_enabled":true,"_links":{"self":[{"href":"https:\/\/sdb.bo\/sdb\/wp-json\/wp\/v2\/pages\/1290","targetHints":{"allow":["GET"]}}],"collection":[{"href":"https:\/\/sdb.bo\/sdb\/wp-json\/wp\/v2\/pages"}],"about":[{"href":"https:\/\/sdb.bo\/sdb\/wp-json\/wp\/v2\/types\/page"}],"author":[{"embeddable":true,"href":"https:\/\/sdb.bo\/sdb\/wp-json\/wp\/v2\/users\/3"}],"replies":[{"embeddable":true,"href":"https:\/\/sdb.bo\/sdb\/wp-json\/wp\/v2\/comments?post=1290"}],"version-history":[{"count":9,"href":"https:\/\/sdb.bo\/sdb\/wp-json\/wp\/v2\/pages\/1290\/revisions"}],"predecessor-version":[{"id":1471,"href":"https:\/\/sdb.bo\/sdb\/wp-json\/wp\/v2\/pages\/1290\/revisions\/1471"}],"wp:attachment":[{"href":"https:\/\/sdb.bo\/sdb\/wp-json\/wp\/v2\/media?parent=1290"}],"curies":[{"name":"wp","href":"https:\/\/api.w.org\/{rel}","templated":true}]}}