{"id":1241,"date":"2022-02-24T11:52:07","date_gmt":"2022-02-24T15:52:07","guid":{"rendered":"https:\/\/sdb.bo\/sdb\/?page_id=1241"},"modified":"2022-03-18T11:15:06","modified_gmt":"2022-03-18T15:15:06","slug":"universidad","status":"publish","type":"page","link":"https:\/\/sdb.bo\/sdb\/universidad\/","title":{"rendered":"Universidad"},"content":{"rendered":"\t\t<div data-elementor-type=\"wp-page\" data-elementor-id=\"1241\" class=\"elementor elementor-1241\" data-elementor-post-type=\"page\">\n\t\t\t\t\t\t<section class=\"elementor-section elementor-top-section elementor-element elementor-element-fc0aab9 elementor-section-boxed elementor-section-height-default elementor-section-height-default\" data-id=\"fc0aab9\" data-element_type=\"section\" data-settings=\"{&quot;background_background&quot;:&quot;classic&quot;}\">\n\t\t\t\t\t\t\t<div class=\"elementor-background-overlay\"><\/div>\n\t\t\t\t\t\t\t<div class=\"elementor-container elementor-column-gap-default\">\n\t\t\t\t\t<div class=\"elementor-column elementor-col-100 elementor-top-column elementor-element elementor-element-4bd407b\" data-id=\"4bd407b\" data-element_type=\"column\">\n\t\t\t<div class=\"elementor-widget-wrap elementor-element-populated\">\n\t\t\t\t\t\t<div class=\"elementor-element elementor-element-eaeaaf7 elementor-widget elementor-widget-heading\" data-id=\"eaeaaf7\" data-element_type=\"widget\" data-widget_type=\"heading.default\">\n\t\t\t\t<div class=\"elementor-widget-container\">\n\t\t\t\t\t<h1 class=\"elementor-heading-title elementor-size-default\">Universidad<\/h1>\t\t\t\t<\/div>\n\t\t\t\t<\/div>\n\t\t\t\t\t<\/div>\n\t\t<\/div>\n\t\t\t\t\t<\/div>\n\t\t<\/section>\n\t\t\t\t<section class=\"elementor-section elementor-top-section elementor-element elementor-element-8de704d elementor-section-full_width elementor-section-height-default elementor-section-height-default\" data-id=\"8de704d\" data-element_type=\"section\" data-settings=\"{&quot;background_background&quot;:&quot;classic&quot;}\">\n\t\t\t\t\t\t\t<div class=\"elementor-background-overlay\"><\/div>\n\t\t\t\t\t\t\t<div class=\"elementor-container elementor-column-gap-wider\">\n\t\t\t\t\t<div class=\"elementor-column elementor-col-33 elementor-top-column elementor-element elementor-element-ef7988a\" data-id=\"ef7988a\" data-element_type=\"column\">\n\t\t\t<div class=\"elementor-widget-wrap elementor-element-populated\">\n\t\t\t\t\t\t<div class=\"elementor-element elementor-element-732a4dd elementor-widget elementor-widget-image\" data-id=\"732a4dd\" data-element_type=\"widget\" data-widget_type=\"image.default\">\n\t\t\t\t<div class=\"elementor-widget-container\">\n\t\t\t\t\t\t\t\t\t\t\t\t\t\t\t\t<a href=\"https:\/\/sdb.bo\/sdb\/wp-content\/uploads\/2022\/02\/269854336_4912149942163365_6921358293385057652_n.jpg\" data-elementor-open-lightbox=\"yes\" data-elementor-lightbox-title=\"269854336_4912149942163365_6921358293385057652_n\" data-e-action-hash=\"#elementor-action%3Aaction%3Dlightbox%26settings%3DeyJpZCI6MTI0NSwidXJsIjoiaHR0cHM6XC9cL3NkYi5ib1wvc2RiXC93cC1jb250ZW50XC91cGxvYWRzXC8yMDIyXC8wMlwvMjY5ODU0MzM2XzQ5MTIxNDk5NDIxNjMzNjVfNjkyMTM1ODI5MzM4NTA1NzY1Ml9uLmpwZyJ9\">\n\t\t\t\t\t\t\t<img fetchpriority=\"high\" decoding=\"async\" width=\"800\" height=\"359\" src=\"https:\/\/sdb.bo\/sdb\/wp-content\/uploads\/2022\/02\/269854336_4912149942163365_6921358293385057652_n-1024x460.jpg\" class=\"attachment-large size-large wp-image-1245\" alt=\"\" srcset=\"https:\/\/sdb.bo\/sdb\/wp-content\/uploads\/2022\/02\/269854336_4912149942163365_6921358293385057652_n-1024x460.jpg 1024w, https:\/\/sdb.bo\/sdb\/wp-content\/uploads\/2022\/02\/269854336_4912149942163365_6921358293385057652_n-300x135.jpg 300w, https:\/\/sdb.bo\/sdb\/wp-content\/uploads\/2022\/02\/269854336_4912149942163365_6921358293385057652_n-768x345.jpg 768w, https:\/\/sdb.bo\/sdb\/wp-content\/uploads\/2022\/02\/269854336_4912149942163365_6921358293385057652_n-1536x690.jpg 1536w, https:\/\/sdb.bo\/sdb\/wp-content\/uploads\/2022\/02\/269854336_4912149942163365_6921358293385057652_n.jpg 1600w\" sizes=\"(max-width: 800px) 100vw, 800px\" \/>\t\t\t\t\t\t\t\t<\/a>\n\t\t\t\t\t\t\t\t\t\t\t\t\t\t\t<\/div>\n\t\t\t\t<\/div>\n\t\t\t\t<div class=\"elementor-element elementor-element-1b61b2e elementor-widget elementor-widget-image\" data-id=\"1b61b2e\" data-element_type=\"widget\" data-widget_type=\"image.default\">\n\t\t\t\t<div class=\"elementor-widget-container\">\n\t\t\t\t\t\t\t\t\t\t\t\t\t\t\t\t<a href=\"https:\/\/sdb.bo\/sdb\/wp-content\/uploads\/2022\/02\/133259895_3826171510761219_6816941783938462004_n.jpg\" data-elementor-open-lightbox=\"yes\" data-elementor-lightbox-title=\"133259895_3826171510761219_6816941783938462004_n\" data-e-action-hash=\"#elementor-action%3Aaction%3Dlightbox%26settings%3DeyJpZCI6MTI0NiwidXJsIjoiaHR0cHM6XC9cL3NkYi5ib1wvc2RiXC93cC1jb250ZW50XC91cGxvYWRzXC8yMDIyXC8wMlwvMTMzMjU5ODk1XzM4MjYxNzE1MTA3NjEyMTlfNjgxNjk0MTc4MzkzODQ2MjAwNF9uLmpwZyJ9\">\n\t\t\t\t\t\t\t<img decoding=\"async\" width=\"800\" height=\"600\" src=\"https:\/\/sdb.bo\/sdb\/wp-content\/uploads\/2022\/02\/133259895_3826171510761219_6816941783938462004_n.jpg\" class=\"attachment-large size-large wp-image-1246\" alt=\"\" srcset=\"https:\/\/sdb.bo\/sdb\/wp-content\/uploads\/2022\/02\/133259895_3826171510761219_6816941783938462004_n.jpg 960w, https:\/\/sdb.bo\/sdb\/wp-content\/uploads\/2022\/02\/133259895_3826171510761219_6816941783938462004_n-300x225.jpg 300w, https:\/\/sdb.bo\/sdb\/wp-content\/uploads\/2022\/02\/133259895_3826171510761219_6816941783938462004_n-768x576.jpg 768w\" sizes=\"(max-width: 800px) 100vw, 800px\" \/>\t\t\t\t\t\t\t\t<\/a>\n\t\t\t\t\t\t\t\t\t\t\t\t\t\t\t<\/div>\n\t\t\t\t<\/div>\n\t\t\t\t\t<\/div>\n\t\t<\/div>\n\t\t\t\t<div class=\"elementor-column elementor-col-33 elementor-top-column elementor-element elementor-element-9f8d0c0\" data-id=\"9f8d0c0\" data-element_type=\"column\">\n\t\t\t<div class=\"elementor-widget-wrap elementor-element-populated\">\n\t\t\t\t\t\t<div class=\"elementor-element elementor-element-a793f7a elementor-widget elementor-widget-heading\" data-id=\"a793f7a\" data-element_type=\"widget\" data-widget_type=\"heading.default\">\n\t\t\t\t<div class=\"elementor-widget-container\">\n\t\t\t\t\t<h2 class=\"elementor-heading-title elementor-size-default\">Universidad Salesiana De Bolivia<\/h2>\t\t\t\t<\/div>\n\t\t\t\t<\/div>\n\t\t\t\t<div class=\"elementor-element elementor-element-b7d9004 elementor-widget elementor-widget-text-editor\" data-id=\"b7d9004\" data-element_type=\"widget\" data-widget_type=\"text-editor.default\">\n\t\t\t\t<div class=\"elementor-widget-container\">\n\t\t\t\t\t\t\t\t\t<p>La Universidad Salesiana de Bolivia (USB) forma parte de una red de 62 casas de estudios superiores salesianas en el mundo. Fue fundada en 1998 y a la fecha ofrece el grado de licenciatura en cinco carreras como: Ciencias de la Educaci\u00f3n, Ingenier\u00eda de Sistemas, Contadur\u00eda P\u00fablica, Derecho, Psicomotricidad\u00a0\u00a0 Salud Educaci\u00f3n y Deportes, adem\u00e1s de diversos posgrados.<\/p><p>El principal objetivo de la instituci\u00f3n de educaci\u00f3n superior en Bolivia \u201ces contribuir al desarrollo y formaci\u00f3n integral de los estudiantes a trav\u00e9s de procesos educativos comprometidos con la excelencia acad\u00e9mica que posibiliten a los estudiantes potenciar su capacidad intelectual y desarrollo moral\u201d.<\/p><p>Seg\u00fan sus estatutos, la USB cuenta con \u00f3rganos de decisi\u00f3n, un Consejo Directivo, m\u00e1xima instancia de decisi\u00f3n. Se re\u00fane por lo menos dos veces al a\u00f1o de manera ordinaria que, a la cabeza del Gran Canciller, coordina y dirige las grandes l\u00edneas y actividades de la misma. Tambi\u00e9n la USB cuenta con un Consejo Ejecutivo, conformado por los vicerrectores, director de planificaci\u00f3n y el secretario acad\u00e9mico. Es este \u00f3rgano que ejecuta las pol\u00edticas institucionales que provienen del m\u00e1ximo \u00f3rgano de decisi\u00f3n. Estos \u00f3rganos cuentan con sus respectivos reglamentos y exigencias seg\u00fan la normativa nacional.<\/p><p>Ingresa al siguiente link para ver m\u00e1s:<\/p><p><a href=\"https:\/\/www.usalesiana.edu.bo\/\" target=\"_blank\" rel=\"noopener\">https:\/\/www.usalesiana.edu.bo\/<\/a><\/p>\t\t\t\t\t\t\t\t<\/div>\n\t\t\t\t<\/div>\n\t\t\t\t<div class=\"elementor-element elementor-element-1d0989f elementor-arrows-position-inside elementor-pagination-position-outside elementor-widget elementor-widget-image-carousel\" data-id=\"1d0989f\" data-element_type=\"widget\" data-settings=\"{&quot;slides_to_show&quot;:&quot;1&quot;,&quot;navigation&quot;:&quot;both&quot;,&quot;autoplay&quot;:&quot;yes&quot;,&quot;pause_on_hover&quot;:&quot;yes&quot;,&quot;pause_on_interaction&quot;:&quot;yes&quot;,&quot;autoplay_speed&quot;:5000,&quot;infinite&quot;:&quot;yes&quot;,&quot;effect&quot;:&quot;slide&quot;,&quot;speed&quot;:500}\" data-widget_type=\"image-carousel.default\">\n\t\t\t\t<div class=\"elementor-widget-container\">\n\t\t\t\t\t\t\t<div class=\"elementor-image-carousel-wrapper swiper\" role=\"region\" aria-roledescription=\"carousel\" aria-label=\"Carrusel de Im\u00e1genes\" dir=\"ltr\">\n\t\t\t<div class=\"elementor-image-carousel swiper-wrapper\" aria-live=\"off\">\n\t\t\t\t\t\t\t\t<div class=\"swiper-slide\" role=\"group\" aria-roledescription=\"slide\" aria-label=\"1 de 4\"><a data-elementor-open-lightbox=\"yes\" data-elementor-lightbox-slideshow=\"1d0989f\" data-elementor-lightbox-title=\"usb\" data-e-action-hash=\"#elementor-action%3Aaction%3Dlightbox%26settings%3DeyJpZCI6MTI0OSwidXJsIjoiaHR0cHM6XC9cL3NkYi5ib1wvc2RiXC93cC1jb250ZW50XC91cGxvYWRzXC8yMDIyXC8wMlwvdXNiLmpwZyIsInNsaWRlc2hvdyI6IjFkMDk4OWYifQ%3D%3D\" href=\"https:\/\/sdb.bo\/sdb\/wp-content\/uploads\/2022\/02\/usb.jpg\"><figure class=\"swiper-slide-inner\"><img decoding=\"async\" class=\"swiper-slide-image\" src=\"https:\/\/sdb.bo\/sdb\/wp-content\/uploads\/2022\/02\/usb-768x341.jpg\" alt=\"usb\" \/><\/figure><\/a><\/div><div class=\"swiper-slide\" role=\"group\" aria-roledescription=\"slide\" aria-label=\"2 de 4\"><a data-elementor-open-lightbox=\"yes\" data-elementor-lightbox-slideshow=\"1d0989f\" data-elementor-lightbox-title=\"269303431_4897046500340376_3573342948212290731_n\" data-e-action-hash=\"#elementor-action%3Aaction%3Dlightbox%26settings%3DeyJpZCI6MTI0NywidXJsIjoiaHR0cHM6XC9cL3NkYi5ib1wvc2RiXC93cC1jb250ZW50XC91cGxvYWRzXC8yMDIyXC8wMlwvMjY5MzAzNDMxXzQ4OTcwNDY1MDAzNDAzNzZfMzU3MzM0Mjk0ODIxMjI5MDczMV9uLmpwZyIsInNsaWRlc2hvdyI6IjFkMDk4OWYifQ%3D%3D\" href=\"https:\/\/sdb.bo\/sdb\/wp-content\/uploads\/2022\/02\/269303431_4897046500340376_3573342948212290731_n.jpg\"><figure class=\"swiper-slide-inner\"><img decoding=\"async\" class=\"swiper-slide-image\" src=\"https:\/\/sdb.bo\/sdb\/wp-content\/uploads\/2022\/02\/269303431_4897046500340376_3573342948212290731_n-768x576.jpg\" alt=\"269303431_4897046500340376_3573342948212290731_n\" \/><\/figure><\/a><\/div><div class=\"swiper-slide\" role=\"group\" aria-roledescription=\"slide\" aria-label=\"3 de 4\"><a data-elementor-open-lightbox=\"yes\" data-elementor-lightbox-slideshow=\"1d0989f\" data-elementor-lightbox-title=\"133259895_3826171510761219_6816941783938462004_n\" data-e-action-hash=\"#elementor-action%3Aaction%3Dlightbox%26settings%3DeyJpZCI6MTI0NiwidXJsIjoiaHR0cHM6XC9cL3NkYi5ib1wvc2RiXC93cC1jb250ZW50XC91cGxvYWRzXC8yMDIyXC8wMlwvMTMzMjU5ODk1XzM4MjYxNzE1MTA3NjEyMTlfNjgxNjk0MTc4MzkzODQ2MjAwNF9uLmpwZyIsInNsaWRlc2hvdyI6IjFkMDk4OWYifQ%3D%3D\" href=\"https:\/\/sdb.bo\/sdb\/wp-content\/uploads\/2022\/02\/133259895_3826171510761219_6816941783938462004_n.jpg\"><figure class=\"swiper-slide-inner\"><img decoding=\"async\" class=\"swiper-slide-image\" src=\"https:\/\/sdb.bo\/sdb\/wp-content\/uploads\/2022\/02\/133259895_3826171510761219_6816941783938462004_n-768x576.jpg\" alt=\"133259895_3826171510761219_6816941783938462004_n\" \/><\/figure><\/a><\/div><div class=\"swiper-slide\" role=\"group\" aria-roledescription=\"slide\" aria-label=\"4 de 4\"><a data-elementor-open-lightbox=\"yes\" data-elementor-lightbox-slideshow=\"1d0989f\" data-elementor-lightbox-title=\"269854336_4912149942163365_6921358293385057652_n\" data-e-action-hash=\"#elementor-action%3Aaction%3Dlightbox%26settings%3DeyJpZCI6MTI0NSwidXJsIjoiaHR0cHM6XC9cL3NkYi5ib1wvc2RiXC93cC1jb250ZW50XC91cGxvYWRzXC8yMDIyXC8wMlwvMjY5ODU0MzM2XzQ5MTIxNDk5NDIxNjMzNjVfNjkyMTM1ODI5MzM4NTA1NzY1Ml9uLmpwZyIsInNsaWRlc2hvdyI6IjFkMDk4OWYifQ%3D%3D\" href=\"https:\/\/sdb.bo\/sdb\/wp-content\/uploads\/2022\/02\/269854336_4912149942163365_6921358293385057652_n.jpg\"><figure class=\"swiper-slide-inner\"><img decoding=\"async\" class=\"swiper-slide-image\" src=\"https:\/\/sdb.bo\/sdb\/wp-content\/uploads\/2022\/02\/269854336_4912149942163365_6921358293385057652_n-768x345.jpg\" alt=\"269854336_4912149942163365_6921358293385057652_n\" \/><\/figure><\/a><\/div>\t\t\t<\/div>\n\t\t\t\t\t\t\t\t\t\t\t\t<div class=\"elementor-swiper-button elementor-swiper-button-prev\" role=\"button\" tabindex=\"0\">\n\t\t\t\t\t\t<i aria-hidden=\"true\" class=\"eicon-chevron-left\"><\/i>\t\t\t\t\t<\/div>\n\t\t\t\t\t<div class=\"elementor-swiper-button elementor-swiper-button-next\" role=\"button\" tabindex=\"0\">\n\t\t\t\t\t\t<i aria-hidden=\"true\" class=\"eicon-chevron-right\"><\/i>\t\t\t\t\t<\/div>\n\t\t\t\t\n\t\t\t\t\t\t\t\t\t<div class=\"swiper-pagination\"><\/div>\n\t\t\t\t\t\t\t\t\t<\/div>\n\t\t\t\t\t\t<\/div>\n\t\t\t\t<\/div>\n\t\t\t\t\t<\/div>\n\t\t<\/div>\n\t\t\t\t<div class=\"elementor-column elementor-col-33 elementor-top-column elementor-element elementor-element-b68f82c\" data-id=\"b68f82c\" data-element_type=\"column\">\n\t\t\t<div class=\"elementor-widget-wrap elementor-element-populated\">\n\t\t\t\t\t\t<div class=\"elementor-element elementor-element-e4fbdc0 elementor-widget elementor-widget-image\" data-id=\"e4fbdc0\" data-element_type=\"widget\" data-widget_type=\"image.default\">\n\t\t\t\t<div class=\"elementor-widget-container\">\n\t\t\t\t\t\t\t\t\t\t\t\t\t\t\t\t<a href=\"https:\/\/sdb.bo\/sdb\/wp-content\/uploads\/2022\/02\/usb.jpg\" data-elementor-open-lightbox=\"yes\" data-elementor-lightbox-title=\"usb\" data-e-action-hash=\"#elementor-action%3Aaction%3Dlightbox%26settings%3DeyJpZCI6MTI0OSwidXJsIjoiaHR0cHM6XC9cL3NkYi5ib1wvc2RiXC93cC1jb250ZW50XC91cGxvYWRzXC8yMDIyXC8wMlwvdXNiLmpwZyJ9\">\n\t\t\t\t\t\t\t<img decoding=\"async\" width=\"800\" height=\"356\" src=\"https:\/\/sdb.bo\/sdb\/wp-content\/uploads\/2022\/02\/usb.jpg\" class=\"attachment-large size-large wp-image-1249\" alt=\"\" srcset=\"https:\/\/sdb.bo\/sdb\/wp-content\/uploads\/2022\/02\/usb.jpg 848w, https:\/\/sdb.bo\/sdb\/wp-content\/uploads\/2022\/02\/usb-300x133.jpg 300w, https:\/\/sdb.bo\/sdb\/wp-content\/uploads\/2022\/02\/usb-768x341.jpg 768w\" sizes=\"(max-width: 800px) 100vw, 800px\" \/>\t\t\t\t\t\t\t\t<\/a>\n\t\t\t\t\t\t\t\t\t\t\t\t\t\t\t<\/div>\n\t\t\t\t<\/div>\n\t\t\t\t<div class=\"elementor-element elementor-element-273e88b elementor-widget elementor-widget-image\" data-id=\"273e88b\" data-element_type=\"widget\" data-widget_type=\"image.default\">\n\t\t\t\t<div class=\"elementor-widget-container\">\n\t\t\t\t\t\t\t\t\t\t\t\t\t\t\t\t<a href=\"https:\/\/sdb.bo\/sdb\/wp-content\/uploads\/2022\/02\/269303431_4897046500340376_3573342948212290731_n.jpg\" data-elementor-open-lightbox=\"yes\" data-elementor-lightbox-title=\"269303431_4897046500340376_3573342948212290731_n\" data-e-action-hash=\"#elementor-action%3Aaction%3Dlightbox%26settings%3DeyJpZCI6MTI0NywidXJsIjoiaHR0cHM6XC9cL3NkYi5ib1wvc2RiXC93cC1jb250ZW50XC91cGxvYWRzXC8yMDIyXC8wMlwvMjY5MzAzNDMxXzQ4OTcwNDY1MDAzNDAzNzZfMzU3MzM0Mjk0ODIxMjI5MDczMV9uLmpwZyJ9\">\n\t\t\t\t\t\t\t<img loading=\"lazy\" decoding=\"async\" width=\"800\" height=\"600\" src=\"https:\/\/sdb.bo\/sdb\/wp-content\/uploads\/2022\/02\/269303431_4897046500340376_3573342948212290731_n-1024x768.jpg\" class=\"attachment-large size-large wp-image-1247\" alt=\"\" srcset=\"https:\/\/sdb.bo\/sdb\/wp-content\/uploads\/2022\/02\/269303431_4897046500340376_3573342948212290731_n-1024x768.jpg 1024w, https:\/\/sdb.bo\/sdb\/wp-content\/uploads\/2022\/02\/269303431_4897046500340376_3573342948212290731_n-300x225.jpg 300w, https:\/\/sdb.bo\/sdb\/wp-content\/uploads\/2022\/02\/269303431_4897046500340376_3573342948212290731_n-768x576.jpg 768w, https:\/\/sdb.bo\/sdb\/wp-content\/uploads\/2022\/02\/269303431_4897046500340376_3573342948212290731_n-1536x1152.jpg 1536w, https:\/\/sdb.bo\/sdb\/wp-content\/uploads\/2022\/02\/269303431_4897046500340376_3573342948212290731_n.jpg 2048w\" sizes=\"(max-width: 800px) 100vw, 800px\" \/>\t\t\t\t\t\t\t\t<\/a>\n\t\t\t\t\t\t\t\t\t\t\t\t\t\t\t<\/div>\n\t\t\t\t<\/div>\n\t\t\t\t\t<\/div>\n\t\t<\/div>\n\t\t\t\t\t<\/div>\n\t\t<\/section>\n\t\t\t\t<\/div>\n\t\t","protected":false},"excerpt":{"rendered":"<p>Universidad Universidad Salesiana De Bolivia La Universidad Salesiana de Bolivia (USB) forma parte de una red de 62 casas de estudios superiores salesianas en el mundo. Fue fundada en 1998 y a la fecha ofrece el grado de licenciatura en cinco carreras como: Ciencias de la Educaci\u00f3n, Ingenier\u00eda de Sistemas, Contadur\u00eda P\u00fablica, Derecho, Psicomotricidad\u00a0\u00a0 Salud [&hellip;]<\/p>\n<div class=\"pvc_clear\"><\/div>\n<p class=\"pvc_stats all \" data-element-id=\"1241\" style=\"\"><i class=\"pvc-stats-icon medium\" aria-hidden=\"true\"><svg aria-hidden=\"true\" focusable=\"false\" data-prefix=\"far\" data-icon=\"chart-bar\" role=\"img\" xmlns=\"http:\/\/www.w3.org\/2000\/svg\" viewBox=\"0 0 512 512\" class=\"svg-inline--fa fa-chart-bar fa-w-16 fa-2x\"><path fill=\"currentColor\" d=\"M396.8 352h22.4c6.4 0 12.8-6.4 12.8-12.8V108.8c0-6.4-6.4-12.8-12.8-12.8h-22.4c-6.4 0-12.8 6.4-12.8 12.8v230.4c0 6.4 6.4 12.8 12.8 12.8zm-192 0h22.4c6.4 0 12.8-6.4 12.8-12.8V140.8c0-6.4-6.4-12.8-12.8-12.8h-22.4c-6.4 0-12.8 6.4-12.8 12.8v198.4c0 6.4 6.4 12.8 12.8 12.8zm96 0h22.4c6.4 0 12.8-6.4 12.8-12.8V204.8c0-6.4-6.4-12.8-12.8-12.8h-22.4c-6.4 0-12.8 6.4-12.8 12.8v134.4c0 6.4 6.4 12.8 12.8 12.8zM496 400H48V80c0-8.84-7.16-16-16-16H16C7.16 64 0 71.16 0 80v336c0 17.67 14.33 32 32 32h464c8.84 0 16-7.16 16-16v-16c0-8.84-7.16-16-16-16zm-387.2-48h22.4c6.4 0 12.8-6.4 12.8-12.8v-70.4c0-6.4-6.4-12.8-12.8-12.8h-22.4c-6.4 0-12.8 6.4-12.8 12.8v70.4c0 6.4 6.4 12.8 12.8 12.8z\" class=\"\"><\/path><\/svg><\/i> Total de visitas&nbsp;3,149&nbsp;<\/p>\n<div class=\"pvc_clear\"><\/div>\n","protected":false},"author":3,"featured_media":0,"parent":0,"menu_order":0,"comment_status":"closed","ping_status":"closed","template":"","meta":{"mapsvg_location":"","footnotes":""},"class_list":["post-1241","page","type-page","status-publish","hentry"],"jetpack_sharing_enabled":true,"_links":{"self":[{"href":"https:\/\/sdb.bo\/sdb\/wp-json\/wp\/v2\/pages\/1241","targetHints":{"allow":["GET"]}}],"collection":[{"href":"https:\/\/sdb.bo\/sdb\/wp-json\/wp\/v2\/pages"}],"about":[{"href":"https:\/\/sdb.bo\/sdb\/wp-json\/wp\/v2\/types\/page"}],"author":[{"embeddable":true,"href":"https:\/\/sdb.bo\/sdb\/wp-json\/wp\/v2\/users\/3"}],"replies":[{"embeddable":true,"href":"https:\/\/sdb.bo\/sdb\/wp-json\/wp\/v2\/comments?post=1241"}],"version-history":[{"count":12,"href":"https:\/\/sdb.bo\/sdb\/wp-json\/wp\/v2\/pages\/1241\/revisions"}],"predecessor-version":[{"id":1645,"href":"https:\/\/sdb.bo\/sdb\/wp-json\/wp\/v2\/pages\/1241\/revisions\/1645"}],"wp:attachment":[{"href":"https:\/\/sdb.bo\/sdb\/wp-json\/wp\/v2\/media?parent=1241"}],"curies":[{"name":"wp","href":"https:\/\/api.w.org\/{rel}","templated":true}]}}