{"id":1217,"date":"2022-02-24T11:30:49","date_gmt":"2022-02-24T15:30:49","guid":{"rendered":"https:\/\/sdb.bo\/sdb\/?page_id=1217"},"modified":"2022-02-24T16:33:49","modified_gmt":"2022-02-24T20:33:49","slug":"escuelas-populares-don-bosco-epdb","status":"publish","type":"page","link":"https:\/\/sdb.bo\/sdb\/escuelas-populares-don-bosco-epdb\/","title":{"rendered":"Escuelas Populares Don Bosco (EPDB)"},"content":{"rendered":"\t\t<div data-elementor-type=\"wp-page\" data-elementor-id=\"1217\" class=\"elementor elementor-1217\" data-elementor-post-type=\"page\">\n\t\t\t\t\t\t<section class=\"elementor-section elementor-top-section elementor-element elementor-element-fc0aab9 elementor-section-boxed elementor-section-height-default elementor-section-height-default\" data-id=\"fc0aab9\" data-element_type=\"section\" data-settings=\"{&quot;background_background&quot;:&quot;classic&quot;}\">\n\t\t\t\t\t\t\t<div class=\"elementor-background-overlay\"><\/div>\n\t\t\t\t\t\t\t<div class=\"elementor-container elementor-column-gap-default\">\n\t\t\t\t\t<div class=\"elementor-column elementor-col-100 elementor-top-column elementor-element elementor-element-4bd407b\" data-id=\"4bd407b\" data-element_type=\"column\">\n\t\t\t<div class=\"elementor-widget-wrap elementor-element-populated\">\n\t\t\t\t\t\t<div class=\"elementor-element elementor-element-eaeaaf7 elementor-widget elementor-widget-heading\" data-id=\"eaeaaf7\" data-element_type=\"widget\" data-widget_type=\"heading.default\">\n\t\t\t\t<div class=\"elementor-widget-container\">\n\t\t\t\t\t<h1 class=\"elementor-heading-title elementor-size-default\">Escuelas Populares Don Bosco (EPDB)<\/h1>\t\t\t\t<\/div>\n\t\t\t\t<\/div>\n\t\t\t\t\t<\/div>\n\t\t<\/div>\n\t\t\t\t\t<\/div>\n\t\t<\/section>\n\t\t\t\t<section class=\"elementor-section elementor-top-section elementor-element elementor-element-8de704d elementor-section-full_width elementor-section-height-default elementor-section-height-default\" data-id=\"8de704d\" data-element_type=\"section\" data-settings=\"{&quot;background_background&quot;:&quot;classic&quot;}\">\n\t\t\t\t\t\t\t<div class=\"elementor-background-overlay\"><\/div>\n\t\t\t\t\t\t\t<div class=\"elementor-container elementor-column-gap-wider\">\n\t\t\t\t\t<div class=\"elementor-column elementor-col-33 elementor-top-column elementor-element elementor-element-ef7988a\" data-id=\"ef7988a\" data-element_type=\"column\">\n\t\t\t<div class=\"elementor-widget-wrap elementor-element-populated\">\n\t\t\t\t\t\t<div class=\"elementor-element elementor-element-732a4dd elementor-widget elementor-widget-image\" data-id=\"732a4dd\" data-element_type=\"widget\" data-widget_type=\"image.default\">\n\t\t\t\t<div class=\"elementor-widget-container\">\n\t\t\t\t\t\t\t\t\t\t\t\t\t\t\t\t<a href=\"https:\/\/sdb.bo\/sdb\/wp-content\/uploads\/2022\/02\/DSC_7649_opt.jpg\" data-elementor-open-lightbox=\"yes\" data-elementor-lightbox-title=\"DSC_7649_opt\" data-e-action-hash=\"#elementor-action%3Aaction%3Dlightbox%26settings%3DeyJpZCI6MTIxMCwidXJsIjoiaHR0cHM6XC9cL3NkYi5ib1wvc2RiXC93cC1jb250ZW50XC91cGxvYWRzXC8yMDIyXC8wMlwvRFNDXzc2NDlfb3B0LmpwZyJ9\">\n\t\t\t\t\t\t\t<img fetchpriority=\"high\" decoding=\"async\" width=\"800\" height=\"533\" src=\"https:\/\/sdb.bo\/sdb\/wp-content\/uploads\/2022\/02\/DSC_7649_opt-1024x682.jpg\" class=\"attachment-large size-large wp-image-1210\" alt=\"\" srcset=\"https:\/\/sdb.bo\/sdb\/wp-content\/uploads\/2022\/02\/DSC_7649_opt-1024x682.jpg 1024w, https:\/\/sdb.bo\/sdb\/wp-content\/uploads\/2022\/02\/DSC_7649_opt-300x200.jpg 300w, https:\/\/sdb.bo\/sdb\/wp-content\/uploads\/2022\/02\/DSC_7649_opt-768x512.jpg 768w, https:\/\/sdb.bo\/sdb\/wp-content\/uploads\/2022\/02\/DSC_7649_opt-1536x1024.jpg 1536w, https:\/\/sdb.bo\/sdb\/wp-content\/uploads\/2022\/02\/DSC_7649_opt.jpg 2000w\" sizes=\"(max-width: 800px) 100vw, 800px\" \/>\t\t\t\t\t\t\t\t<\/a>\n\t\t\t\t\t\t\t\t\t\t\t\t\t\t\t<\/div>\n\t\t\t\t<\/div>\n\t\t\t\t<div class=\"elementor-element elementor-element-1b61b2e elementor-widget elementor-widget-image\" data-id=\"1b61b2e\" data-element_type=\"widget\" data-widget_type=\"image.default\">\n\t\t\t\t<div class=\"elementor-widget-container\">\n\t\t\t\t\t\t\t\t\t\t\t\t\t\t\t\t<a href=\"https:\/\/sdb.bo\/sdb\/wp-content\/uploads\/2022\/02\/IMG_20190830_204051_opt.jpg\" data-elementor-open-lightbox=\"yes\" data-elementor-lightbox-title=\"IMG_20190830_204051_opt\" data-e-action-hash=\"#elementor-action%3Aaction%3Dlightbox%26settings%3DeyJpZCI6MTIwNCwidXJsIjoiaHR0cHM6XC9cL3NkYi5ib1wvc2RiXC93cC1jb250ZW50XC91cGxvYWRzXC8yMDIyXC8wMlwvSU1HXzIwMTkwODMwXzIwNDA1MV9vcHQuanBnIn0%3D\">\n\t\t\t\t\t\t\t<img decoding=\"async\" width=\"800\" height=\"450\" src=\"https:\/\/sdb.bo\/sdb\/wp-content\/uploads\/2022\/02\/IMG_20190830_204051_opt-1024x576.jpg\" class=\"attachment-large size-large wp-image-1204\" alt=\"\" srcset=\"https:\/\/sdb.bo\/sdb\/wp-content\/uploads\/2022\/02\/IMG_20190830_204051_opt-1024x576.jpg 1024w, https:\/\/sdb.bo\/sdb\/wp-content\/uploads\/2022\/02\/IMG_20190830_204051_opt-300x169.jpg 300w, https:\/\/sdb.bo\/sdb\/wp-content\/uploads\/2022\/02\/IMG_20190830_204051_opt-768x432.jpg 768w, https:\/\/sdb.bo\/sdb\/wp-content\/uploads\/2022\/02\/IMG_20190830_204051_opt-1536x864.jpg 1536w, https:\/\/sdb.bo\/sdb\/wp-content\/uploads\/2022\/02\/IMG_20190830_204051_opt.jpg 2000w\" sizes=\"(max-width: 800px) 100vw, 800px\" \/>\t\t\t\t\t\t\t\t<\/a>\n\t\t\t\t\t\t\t\t\t\t\t\t\t\t\t<\/div>\n\t\t\t\t<\/div>\n\t\t\t\t\t<\/div>\n\t\t<\/div>\n\t\t\t\t<div class=\"elementor-column elementor-col-33 elementor-top-column elementor-element elementor-element-9f8d0c0\" data-id=\"9f8d0c0\" data-element_type=\"column\">\n\t\t\t<div class=\"elementor-widget-wrap elementor-element-populated\">\n\t\t\t\t\t\t<div class=\"elementor-element elementor-element-b7d9004 elementor-widget elementor-widget-text-editor\" data-id=\"b7d9004\" data-element_type=\"widget\" data-widget_type=\"text-editor.default\">\n\t\t\t\t<div class=\"elementor-widget-container\">\n\t\t\t\t\t\t\t\t\t<p>El a\u00f1o 1970, la Sociedad Salesiana firma convenio con el Estado boliviano, R. M. N\u00ba 2345, de fecha 30\/11\/70. Es el inicio de una experiencia educativa orientada a sectores social y econ\u00f3micamente m\u00e1s vulnerables.<\/p><p>Mediante convenio con el Ministerio de Educaci\u00f3n y Cultura (31-01-1990 y 23-11-1990) se reconoce a Escuelas Populares Don Bosco, como Sistema Educativo, responsable de la animaci\u00f3n y gesti\u00f3n de unidades educativas p\u00fablicas de convenio en el pa\u00eds.<\/p><ul><li>EPDB nace como una respuesta a las necesidades de los j\u00f3venes menos favorecidos econ\u00f3mica y socialmente, realizando de esta manera el proyecto apost\u00f3lico del Fundador.<\/li><li>El Min. Educaci\u00f3n proporciona los \u00edtems (Cancelaci\u00f3n de sueldo a los maestros); por lo menos de la mayor\u00eda.<\/li><li>Los Padres de Familia realizan un peque\u00f1o aporte para solventar los gastos de gesti\u00f3n, mantenimiento de los edificios escolares o la falta de los \u00edtems que no hayan sido cubiertos por el Estado.<\/li><\/ul><p>Ingresa al siguiente link para ver m\u00e1s:<\/p><p><a href=\"http:\/\/www.epdb.edu.bo\/\" target=\"_blank\" rel=\"noopener\">http:\/\/www.epdb.edu.bo\/<\/a><\/p>\t\t\t\t\t\t\t\t<\/div>\n\t\t\t\t<\/div>\n\t\t\t\t<div class=\"elementor-element elementor-element-1d0989f elementor-arrows-position-inside elementor-pagination-position-outside elementor-widget elementor-widget-image-carousel\" data-id=\"1d0989f\" data-element_type=\"widget\" data-settings=\"{&quot;slides_to_show&quot;:&quot;1&quot;,&quot;navigation&quot;:&quot;both&quot;,&quot;autoplay&quot;:&quot;yes&quot;,&quot;pause_on_hover&quot;:&quot;yes&quot;,&quot;pause_on_interaction&quot;:&quot;yes&quot;,&quot;autoplay_speed&quot;:5000,&quot;infinite&quot;:&quot;yes&quot;,&quot;effect&quot;:&quot;slide&quot;,&quot;speed&quot;:500}\" data-widget_type=\"image-carousel.default\">\n\t\t\t\t<div class=\"elementor-widget-container\">\n\t\t\t\t\t\t\t<div class=\"elementor-image-carousel-wrapper swiper\" role=\"region\" aria-roledescription=\"carousel\" aria-label=\"Carrusel de Im\u00e1genes\" dir=\"ltr\">\n\t\t\t<div class=\"elementor-image-carousel swiper-wrapper\" aria-live=\"off\">\n\t\t\t\t\t\t\t\t<div class=\"swiper-slide\" role=\"group\" aria-roledescription=\"slide\" aria-label=\"1 de 13\"><a data-elementor-open-lightbox=\"yes\" data-elementor-lightbox-slideshow=\"1d0989f\" data-elementor-lightbox-title=\"IMG_20190901_112149_opt\" data-e-action-hash=\"#elementor-action%3Aaction%3Dlightbox%26settings%3DeyJpZCI6MTIxNiwidXJsIjoiaHR0cHM6XC9cL3NkYi5ib1wvc2RiXC93cC1jb250ZW50XC91cGxvYWRzXC8yMDIyXC8wMlwvSU1HXzIwMTkwOTAxXzExMjE0OV9vcHQuanBnIiwic2xpZGVzaG93IjoiMWQwOTg5ZiJ9\" href=\"https:\/\/sdb.bo\/sdb\/wp-content\/uploads\/2022\/02\/IMG_20190901_112149_opt.jpg\"><figure class=\"swiper-slide-inner\"><img decoding=\"async\" class=\"swiper-slide-image\" src=\"https:\/\/sdb.bo\/sdb\/wp-content\/uploads\/2022\/02\/IMG_20190901_112149_opt-768x432.jpg\" alt=\"IMG_20190901_112149_opt\" \/><\/figure><\/a><\/div><div class=\"swiper-slide\" role=\"group\" aria-roledescription=\"slide\" aria-label=\"2 de 13\"><a data-elementor-open-lightbox=\"yes\" data-elementor-lightbox-slideshow=\"1d0989f\" data-elementor-lightbox-title=\"DSC_0012_opt\" data-e-action-hash=\"#elementor-action%3Aaction%3Dlightbox%26settings%3DeyJpZCI6MTIxMiwidXJsIjoiaHR0cHM6XC9cL3NkYi5ib1wvc2RiXC93cC1jb250ZW50XC91cGxvYWRzXC8yMDIyXC8wMlwvRFNDXzAwMTJfb3B0LmpwZyIsInNsaWRlc2hvdyI6IjFkMDk4OWYifQ%3D%3D\" href=\"https:\/\/sdb.bo\/sdb\/wp-content\/uploads\/2022\/02\/DSC_0012_opt.jpg\"><figure class=\"swiper-slide-inner\"><img decoding=\"async\" class=\"swiper-slide-image\" src=\"https:\/\/sdb.bo\/sdb\/wp-content\/uploads\/2022\/02\/DSC_0012_opt-768x512.jpg\" alt=\"DSC_0012_opt\" \/><\/figure><\/a><\/div><div class=\"swiper-slide\" role=\"group\" aria-roledescription=\"slide\" aria-label=\"3 de 13\"><a data-elementor-open-lightbox=\"yes\" data-elementor-lightbox-slideshow=\"1d0989f\" data-elementor-lightbox-title=\"DSC_0015_opt\" data-e-action-hash=\"#elementor-action%3Aaction%3Dlightbox%26settings%3DeyJpZCI6MTIxMSwidXJsIjoiaHR0cHM6XC9cL3NkYi5ib1wvc2RiXC93cC1jb250ZW50XC91cGxvYWRzXC8yMDIyXC8wMlwvRFNDXzAwMTVfb3B0LmpwZyIsInNsaWRlc2hvdyI6IjFkMDk4OWYifQ%3D%3D\" href=\"https:\/\/sdb.bo\/sdb\/wp-content\/uploads\/2022\/02\/DSC_0015_opt.jpg\"><figure class=\"swiper-slide-inner\"><img decoding=\"async\" class=\"swiper-slide-image\" src=\"https:\/\/sdb.bo\/sdb\/wp-content\/uploads\/2022\/02\/DSC_0015_opt-768x512.jpg\" alt=\"DSC_0015_opt\" \/><\/figure><\/a><\/div><div class=\"swiper-slide\" role=\"group\" aria-roledescription=\"slide\" aria-label=\"4 de 13\"><a data-elementor-open-lightbox=\"yes\" data-elementor-lightbox-slideshow=\"1d0989f\" data-elementor-lightbox-title=\"DSC_7649_opt\" data-e-action-hash=\"#elementor-action%3Aaction%3Dlightbox%26settings%3DeyJpZCI6MTIxMCwidXJsIjoiaHR0cHM6XC9cL3NkYi5ib1wvc2RiXC93cC1jb250ZW50XC91cGxvYWRzXC8yMDIyXC8wMlwvRFNDXzc2NDlfb3B0LmpwZyIsInNsaWRlc2hvdyI6IjFkMDk4OWYifQ%3D%3D\" href=\"https:\/\/sdb.bo\/sdb\/wp-content\/uploads\/2022\/02\/DSC_7649_opt.jpg\"><figure class=\"swiper-slide-inner\"><img decoding=\"async\" class=\"swiper-slide-image\" src=\"https:\/\/sdb.bo\/sdb\/wp-content\/uploads\/2022\/02\/DSC_7649_opt-768x512.jpg\" alt=\"DSC_7649_opt\" \/><\/figure><\/a><\/div><div class=\"swiper-slide\" role=\"group\" aria-roledescription=\"slide\" aria-label=\"5 de 13\"><a data-elementor-open-lightbox=\"yes\" data-elementor-lightbox-slideshow=\"1d0989f\" data-elementor-lightbox-title=\"DSC_7692_opt\" data-e-action-hash=\"#elementor-action%3Aaction%3Dlightbox%26settings%3DeyJpZCI6MTIwOSwidXJsIjoiaHR0cHM6XC9cL3NkYi5ib1wvc2RiXC93cC1jb250ZW50XC91cGxvYWRzXC8yMDIyXC8wMlwvRFNDXzc2OTJfb3B0LmpwZyIsInNsaWRlc2hvdyI6IjFkMDk4OWYifQ%3D%3D\" href=\"https:\/\/sdb.bo\/sdb\/wp-content\/uploads\/2022\/02\/DSC_7692_opt.jpg\"><figure class=\"swiper-slide-inner\"><img decoding=\"async\" class=\"swiper-slide-image\" src=\"https:\/\/sdb.bo\/sdb\/wp-content\/uploads\/2022\/02\/DSC_7692_opt-768x512.jpg\" alt=\"DSC_7692_opt\" \/><\/figure><\/a><\/div><div class=\"swiper-slide\" role=\"group\" aria-roledescription=\"slide\" aria-label=\"6 de 13\"><a data-elementor-open-lightbox=\"yes\" data-elementor-lightbox-slideshow=\"1d0989f\" data-elementor-lightbox-title=\"DSC_7711_opt\" data-e-action-hash=\"#elementor-action%3Aaction%3Dlightbox%26settings%3DeyJpZCI6MTIwOCwidXJsIjoiaHR0cHM6XC9cL3NkYi5ib1wvc2RiXC93cC1jb250ZW50XC91cGxvYWRzXC8yMDIyXC8wMlwvRFNDXzc3MTFfb3B0LmpwZyIsInNsaWRlc2hvdyI6IjFkMDk4OWYifQ%3D%3D\" href=\"https:\/\/sdb.bo\/sdb\/wp-content\/uploads\/2022\/02\/DSC_7711_opt.jpg\"><figure class=\"swiper-slide-inner\"><img decoding=\"async\" class=\"swiper-slide-image\" src=\"https:\/\/sdb.bo\/sdb\/wp-content\/uploads\/2022\/02\/DSC_7711_opt-768x576.jpg\" alt=\"DSC_7711_opt\" \/><\/figure><\/a><\/div><div class=\"swiper-slide\" role=\"group\" aria-roledescription=\"slide\" aria-label=\"7 de 13\"><a data-elementor-open-lightbox=\"yes\" data-elementor-lightbox-slideshow=\"1d0989f\" data-elementor-lightbox-title=\"DSC_7730_opt\" data-e-action-hash=\"#elementor-action%3Aaction%3Dlightbox%26settings%3DeyJpZCI6MTIwNywidXJsIjoiaHR0cHM6XC9cL3NkYi5ib1wvc2RiXC93cC1jb250ZW50XC91cGxvYWRzXC8yMDIyXC8wMlwvRFNDXzc3MzBfb3B0LmpwZyIsInNsaWRlc2hvdyI6IjFkMDk4OWYifQ%3D%3D\" href=\"https:\/\/sdb.bo\/sdb\/wp-content\/uploads\/2022\/02\/DSC_7730_opt.jpg\"><figure class=\"swiper-slide-inner\"><img decoding=\"async\" class=\"swiper-slide-image\" src=\"https:\/\/sdb.bo\/sdb\/wp-content\/uploads\/2022\/02\/DSC_7730_opt-768x576.jpg\" alt=\"DSC_7730_opt\" \/><\/figure><\/a><\/div><div class=\"swiper-slide\" role=\"group\" aria-roledescription=\"slide\" aria-label=\"8 de 13\"><a data-elementor-open-lightbox=\"yes\" data-elementor-lightbox-slideshow=\"1d0989f\" data-elementor-lightbox-title=\"DSC_7787_opt\" data-e-action-hash=\"#elementor-action%3Aaction%3Dlightbox%26settings%3DeyJpZCI6MTIwNiwidXJsIjoiaHR0cHM6XC9cL3NkYi5ib1wvc2RiXC93cC1jb250ZW50XC91cGxvYWRzXC8yMDIyXC8wMlwvRFNDXzc3ODdfb3B0LmpwZyIsInNsaWRlc2hvdyI6IjFkMDk4OWYifQ%3D%3D\" href=\"https:\/\/sdb.bo\/sdb\/wp-content\/uploads\/2022\/02\/DSC_7787_opt.jpg\"><figure class=\"swiper-slide-inner\"><img decoding=\"async\" class=\"swiper-slide-image\" src=\"https:\/\/sdb.bo\/sdb\/wp-content\/uploads\/2022\/02\/DSC_7787_opt-768x512.jpg\" alt=\"DSC_7787_opt\" \/><\/figure><\/a><\/div><div class=\"swiper-slide\" role=\"group\" aria-roledescription=\"slide\" aria-label=\"9 de 13\"><a data-elementor-open-lightbox=\"yes\" data-elementor-lightbox-slideshow=\"1d0989f\" data-elementor-lightbox-title=\"DSC_7795_opt\" data-e-action-hash=\"#elementor-action%3Aaction%3Dlightbox%26settings%3DeyJpZCI6MTIwNSwidXJsIjoiaHR0cHM6XC9cL3NkYi5ib1wvc2RiXC93cC1jb250ZW50XC91cGxvYWRzXC8yMDIyXC8wMlwvRFNDXzc3OTVfb3B0LmpwZyIsInNsaWRlc2hvdyI6IjFkMDk4OWYifQ%3D%3D\" href=\"https:\/\/sdb.bo\/sdb\/wp-content\/uploads\/2022\/02\/DSC_7795_opt.jpg\"><figure class=\"swiper-slide-inner\"><img decoding=\"async\" class=\"swiper-slide-image\" src=\"https:\/\/sdb.bo\/sdb\/wp-content\/uploads\/2022\/02\/DSC_7795_opt-768x512.jpg\" alt=\"DSC_7795_opt\" \/><\/figure><\/a><\/div><div class=\"swiper-slide\" role=\"group\" aria-roledescription=\"slide\" aria-label=\"10 de 13\"><a data-elementor-open-lightbox=\"yes\" data-elementor-lightbox-slideshow=\"1d0989f\" data-elementor-lightbox-title=\"IMG_20190830_204051_opt\" data-e-action-hash=\"#elementor-action%3Aaction%3Dlightbox%26settings%3DeyJpZCI6MTIwNCwidXJsIjoiaHR0cHM6XC9cL3NkYi5ib1wvc2RiXC93cC1jb250ZW50XC91cGxvYWRzXC8yMDIyXC8wMlwvSU1HXzIwMTkwODMwXzIwNDA1MV9vcHQuanBnIiwic2xpZGVzaG93IjoiMWQwOTg5ZiJ9\" href=\"https:\/\/sdb.bo\/sdb\/wp-content\/uploads\/2022\/02\/IMG_20190830_204051_opt.jpg\"><figure class=\"swiper-slide-inner\"><img decoding=\"async\" class=\"swiper-slide-image\" src=\"https:\/\/sdb.bo\/sdb\/wp-content\/uploads\/2022\/02\/IMG_20190830_204051_opt-768x432.jpg\" alt=\"IMG_20190830_204051_opt\" \/><\/figure><\/a><\/div><div class=\"swiper-slide\" role=\"group\" aria-roledescription=\"slide\" aria-label=\"11 de 13\"><a data-elementor-open-lightbox=\"yes\" data-elementor-lightbox-slideshow=\"1d0989f\" data-elementor-lightbox-title=\"DSC_7847_opt\" data-e-action-hash=\"#elementor-action%3Aaction%3Dlightbox%26settings%3DeyJpZCI6MTIwMywidXJsIjoiaHR0cHM6XC9cL3NkYi5ib1wvc2RiXC93cC1jb250ZW50XC91cGxvYWRzXC8yMDIyXC8wMlwvRFNDXzc4NDdfb3B0LmpwZyIsInNsaWRlc2hvdyI6IjFkMDk4OWYifQ%3D%3D\" href=\"https:\/\/sdb.bo\/sdb\/wp-content\/uploads\/2022\/02\/DSC_7847_opt.jpg\"><figure class=\"swiper-slide-inner\"><img decoding=\"async\" class=\"swiper-slide-image\" src=\"https:\/\/sdb.bo\/sdb\/wp-content\/uploads\/2022\/02\/DSC_7847_opt-768x576.jpg\" alt=\"DSC_7847_opt\" \/><\/figure><\/a><\/div><div class=\"swiper-slide\" role=\"group\" aria-roledescription=\"slide\" aria-label=\"12 de 13\"><a data-elementor-open-lightbox=\"yes\" data-elementor-lightbox-slideshow=\"1d0989f\" data-elementor-lightbox-title=\"IMG_20190831_212021_opt\" data-e-action-hash=\"#elementor-action%3Aaction%3Dlightbox%26settings%3DeyJpZCI6MTIwMiwidXJsIjoiaHR0cHM6XC9cL3NkYi5ib1wvc2RiXC93cC1jb250ZW50XC91cGxvYWRzXC8yMDIyXC8wMlwvSU1HXzIwMTkwODMxXzIxMjAyMV9vcHQuanBnIiwic2xpZGVzaG93IjoiMWQwOTg5ZiJ9\" href=\"https:\/\/sdb.bo\/sdb\/wp-content\/uploads\/2022\/02\/IMG_20190831_212021_opt.jpg\"><figure class=\"swiper-slide-inner\"><img decoding=\"async\" class=\"swiper-slide-image\" src=\"https:\/\/sdb.bo\/sdb\/wp-content\/uploads\/2022\/02\/IMG_20190831_212021_opt-768x432.jpg\" alt=\"IMG_20190831_212021_opt\" \/><\/figure><\/a><\/div><div class=\"swiper-slide\" role=\"group\" aria-roledescription=\"slide\" aria-label=\"13 de 13\"><a data-elementor-open-lightbox=\"yes\" data-elementor-lightbox-slideshow=\"1d0989f\" data-elementor-lightbox-title=\"IMG_20190831_215942_opt\" data-e-action-hash=\"#elementor-action%3Aaction%3Dlightbox%26settings%3DeyJpZCI6MTIwMSwidXJsIjoiaHR0cHM6XC9cL3NkYi5ib1wvc2RiXC93cC1jb250ZW50XC91cGxvYWRzXC8yMDIyXC8wMlwvSU1HXzIwMTkwODMxXzIxNTk0Ml9vcHQuanBnIiwic2xpZGVzaG93IjoiMWQwOTg5ZiJ9\" href=\"https:\/\/sdb.bo\/sdb\/wp-content\/uploads\/2022\/02\/IMG_20190831_215942_opt.jpg\"><figure class=\"swiper-slide-inner\"><img decoding=\"async\" class=\"swiper-slide-image\" src=\"https:\/\/sdb.bo\/sdb\/wp-content\/uploads\/2022\/02\/IMG_20190831_215942_opt-768x432.jpg\" alt=\"IMG_20190831_215942_opt\" \/><\/figure><\/a><\/div>\t\t\t<\/div>\n\t\t\t\t\t\t\t\t\t\t\t\t<div class=\"elementor-swiper-button elementor-swiper-button-prev\" role=\"button\" tabindex=\"0\">\n\t\t\t\t\t\t<i aria-hidden=\"true\" class=\"eicon-chevron-left\"><\/i>\t\t\t\t\t<\/div>\n\t\t\t\t\t<div class=\"elementor-swiper-button elementor-swiper-button-next\" role=\"button\" tabindex=\"0\">\n\t\t\t\t\t\t<i aria-hidden=\"true\" class=\"eicon-chevron-right\"><\/i>\t\t\t\t\t<\/div>\n\t\t\t\t\n\t\t\t\t\t\t\t\t\t<div class=\"swiper-pagination\"><\/div>\n\t\t\t\t\t\t\t\t\t<\/div>\n\t\t\t\t\t\t<\/div>\n\t\t\t\t<\/div>\n\t\t\t\t\t<\/div>\n\t\t<\/div>\n\t\t\t\t<div class=\"elementor-column elementor-col-33 elementor-top-column elementor-element elementor-element-b68f82c\" data-id=\"b68f82c\" data-element_type=\"column\">\n\t\t\t<div class=\"elementor-widget-wrap elementor-element-populated\">\n\t\t\t\t\t\t<div class=\"elementor-element elementor-element-e4fbdc0 elementor-widget elementor-widget-image\" data-id=\"e4fbdc0\" data-element_type=\"widget\" data-widget_type=\"image.default\">\n\t\t\t\t<div class=\"elementor-widget-container\">\n\t\t\t\t\t\t\t\t\t\t\t\t\t\t\t\t<a href=\"https:\/\/sdb.bo\/sdb\/wp-content\/uploads\/2022\/02\/DSC_7730_opt.jpg\" data-elementor-open-lightbox=\"yes\" data-elementor-lightbox-title=\"DSC_7730_opt\" data-e-action-hash=\"#elementor-action%3Aaction%3Dlightbox%26settings%3DeyJpZCI6MTIwNywidXJsIjoiaHR0cHM6XC9cL3NkYi5ib1wvc2RiXC93cC1jb250ZW50XC91cGxvYWRzXC8yMDIyXC8wMlwvRFNDXzc3MzBfb3B0LmpwZyJ9\">\n\t\t\t\t\t\t\t<img decoding=\"async\" width=\"800\" height=\"600\" src=\"https:\/\/sdb.bo\/sdb\/wp-content\/uploads\/2022\/02\/DSC_7730_opt-1024x768.jpg\" class=\"attachment-large size-large wp-image-1207\" alt=\"\" srcset=\"https:\/\/sdb.bo\/sdb\/wp-content\/uploads\/2022\/02\/DSC_7730_opt-1024x768.jpg 1024w, https:\/\/sdb.bo\/sdb\/wp-content\/uploads\/2022\/02\/DSC_7730_opt-300x225.jpg 300w, https:\/\/sdb.bo\/sdb\/wp-content\/uploads\/2022\/02\/DSC_7730_opt-768x576.jpg 768w, https:\/\/sdb.bo\/sdb\/wp-content\/uploads\/2022\/02\/DSC_7730_opt-1536x1152.jpg 1536w, https:\/\/sdb.bo\/sdb\/wp-content\/uploads\/2022\/02\/DSC_7730_opt.jpg 2000w\" sizes=\"(max-width: 800px) 100vw, 800px\" \/>\t\t\t\t\t\t\t\t<\/a>\n\t\t\t\t\t\t\t\t\t\t\t\t\t\t\t<\/div>\n\t\t\t\t<\/div>\n\t\t\t\t<div class=\"elementor-element elementor-element-273e88b elementor-widget elementor-widget-image\" data-id=\"273e88b\" data-element_type=\"widget\" data-widget_type=\"image.default\">\n\t\t\t\t<div class=\"elementor-widget-container\">\n\t\t\t\t\t\t\t\t\t\t\t\t\t\t\t\t<a href=\"https:\/\/sdb.bo\/sdb\/wp-content\/uploads\/2022\/02\/DSC_0015_opt.jpg\" data-elementor-open-lightbox=\"yes\" data-elementor-lightbox-title=\"DSC_0015_opt\" data-e-action-hash=\"#elementor-action%3Aaction%3Dlightbox%26settings%3DeyJpZCI6MTIxMSwidXJsIjoiaHR0cHM6XC9cL3NkYi5ib1wvc2RiXC93cC1jb250ZW50XC91cGxvYWRzXC8yMDIyXC8wMlwvRFNDXzAwMTVfb3B0LmpwZyJ9\">\n\t\t\t\t\t\t\t<img loading=\"lazy\" decoding=\"async\" width=\"800\" height=\"533\" src=\"https:\/\/sdb.bo\/sdb\/wp-content\/uploads\/2022\/02\/DSC_0015_opt-1024x682.jpg\" class=\"attachment-large size-large wp-image-1211\" alt=\"\" srcset=\"https:\/\/sdb.bo\/sdb\/wp-content\/uploads\/2022\/02\/DSC_0015_opt-1024x682.jpg 1024w, https:\/\/sdb.bo\/sdb\/wp-content\/uploads\/2022\/02\/DSC_0015_opt-300x200.jpg 300w, https:\/\/sdb.bo\/sdb\/wp-content\/uploads\/2022\/02\/DSC_0015_opt-768x512.jpg 768w, https:\/\/sdb.bo\/sdb\/wp-content\/uploads\/2022\/02\/DSC_0015_opt-1536x1024.jpg 1536w, https:\/\/sdb.bo\/sdb\/wp-content\/uploads\/2022\/02\/DSC_0015_opt.jpg 2000w\" sizes=\"(max-width: 800px) 100vw, 800px\" \/>\t\t\t\t\t\t\t\t<\/a>\n\t\t\t\t\t\t\t\t\t\t\t\t\t\t\t<\/div>\n\t\t\t\t<\/div>\n\t\t\t\t\t<\/div>\n\t\t<\/div>\n\t\t\t\t\t<\/div>\n\t\t<\/section>\n\t\t\t\t<\/div>\n\t\t","protected":false},"excerpt":{"rendered":"<p>Escuelas Populares Don Bosco (EPDB) El a\u00f1o 1970, la Sociedad Salesiana firma convenio con el Estado boliviano, R. M. N\u00ba 2345, de fecha 30\/11\/70. Es el inicio de una experiencia educativa orientada a sectores social y econ\u00f3micamente m\u00e1s vulnerables. Mediante convenio con el Ministerio de Educaci\u00f3n y Cultura (31-01-1990 y 23-11-1990) se reconoce a Escuelas [&hellip;]<\/p>\n<div class=\"pvc_clear\"><\/div>\n<p class=\"pvc_stats all \" data-element-id=\"1217\" style=\"\"><i class=\"pvc-stats-icon medium\" aria-hidden=\"true\"><svg aria-hidden=\"true\" focusable=\"false\" data-prefix=\"far\" data-icon=\"chart-bar\" role=\"img\" xmlns=\"http:\/\/www.w3.org\/2000\/svg\" viewBox=\"0 0 512 512\" class=\"svg-inline--fa fa-chart-bar fa-w-16 fa-2x\"><path fill=\"currentColor\" d=\"M396.8 352h22.4c6.4 0 12.8-6.4 12.8-12.8V108.8c0-6.4-6.4-12.8-12.8-12.8h-22.4c-6.4 0-12.8 6.4-12.8 12.8v230.4c0 6.4 6.4 12.8 12.8 12.8zm-192 0h22.4c6.4 0 12.8-6.4 12.8-12.8V140.8c0-6.4-6.4-12.8-12.8-12.8h-22.4c-6.4 0-12.8 6.4-12.8 12.8v198.4c0 6.4 6.4 12.8 12.8 12.8zm96 0h22.4c6.4 0 12.8-6.4 12.8-12.8V204.8c0-6.4-6.4-12.8-12.8-12.8h-22.4c-6.4 0-12.8 6.4-12.8 12.8v134.4c0 6.4 6.4 12.8 12.8 12.8zM496 400H48V80c0-8.84-7.16-16-16-16H16C7.16 64 0 71.16 0 80v336c0 17.67 14.33 32 32 32h464c8.84 0 16-7.16 16-16v-16c0-8.84-7.16-16-16-16zm-387.2-48h22.4c6.4 0 12.8-6.4 12.8-12.8v-70.4c0-6.4-6.4-12.8-12.8-12.8h-22.4c-6.4 0-12.8 6.4-12.8 12.8v70.4c0 6.4 6.4 12.8 12.8 12.8z\" class=\"\"><\/path><\/svg><\/i> Total de visitas&nbsp;4,651&nbsp;, visitas hoy&nbsp;4&nbsp;<\/p>\n<div class=\"pvc_clear\"><\/div>\n","protected":false},"author":3,"featured_media":0,"parent":0,"menu_order":0,"comment_status":"closed","ping_status":"closed","template":"","meta":{"mapsvg_location":"","footnotes":""},"class_list":["post-1217","page","type-page","status-publish","hentry"],"jetpack_sharing_enabled":true,"_links":{"self":[{"href":"https:\/\/sdb.bo\/sdb\/wp-json\/wp\/v2\/pages\/1217","targetHints":{"allow":["GET"]}}],"collection":[{"href":"https:\/\/sdb.bo\/sdb\/wp-json\/wp\/v2\/pages"}],"about":[{"href":"https:\/\/sdb.bo\/sdb\/wp-json\/wp\/v2\/types\/page"}],"author":[{"embeddable":true,"href":"https:\/\/sdb.bo\/sdb\/wp-json\/wp\/v2\/users\/3"}],"replies":[{"embeddable":true,"href":"https:\/\/sdb.bo\/sdb\/wp-json\/wp\/v2\/comments?post=1217"}],"version-history":[{"count":18,"href":"https:\/\/sdb.bo\/sdb\/wp-json\/wp\/v2\/pages\/1217\/revisions"}],"predecessor-version":[{"id":1454,"href":"https:\/\/sdb.bo\/sdb\/wp-json\/wp\/v2\/pages\/1217\/revisions\/1454"}],"wp:attachment":[{"href":"https:\/\/sdb.bo\/sdb\/wp-json\/wp\/v2\/media?parent=1217"}],"curies":[{"name":"wp","href":"https:\/\/api.w.org\/{rel}","templated":true}]}}